{"id":1571,"date":"2021-11-23T10:41:03","date_gmt":"2021-11-23T10:41:03","guid":{"rendered":"https:\/\/readybox.eu\/houten-transportkist\/palletrand\/"},"modified":"2022-02-16T09:58:32","modified_gmt":"2022-02-16T09:58:32","slug":"rehausse-palette-bois","status":"publish","type":"page","link":"https:\/\/readybox.eu\/fr\/caisse-en-bois\/rehausse-palette-bois\/","title":{"rendered":"Rehausse palette bois"},"content":{"rendered":"\n<h1 class=\"has-text-align-center wp-block-heading\" id=\"rehausse-palette-bois\"><strong>Rehausse palette bois<\/strong><\/h1>\n\n\n\n<div class=\"wp-block-media-text alignwide is-stacked-on-mobile is-image-fill\"><figure class=\"wp-block-media-text__media lazyload\" style=\"background-image:inherit;background-position:50% 50%\" data-bg-image=\"url(https:\/\/readybox.eu\/wp-content\/uploads\/2021\/11\/OZ004-special-dividers.png)\"><img decoding=\"async\" width=\"466\" height=\"352\" data-src=\"https:\/\/readybox.eu\/wp-content\/uploads\/2021\/11\/OZ004-special-dividers.png\" alt=\"\" class=\"wp-image-74 size-full lazyload\" data-srcset=\"https:\/\/readybox.eu\/wp-content\/uploads\/2021\/11\/OZ004-special-dividers.png 466w, https:\/\/readybox.eu\/wp-content\/uploads\/2021\/11\/OZ004-special-dividers-300x227.png 300w\" data-sizes=\"(max-width: 466px) 100vw, 466px\" src=\"data:image\/svg+xml;base64,PHN2ZyB3aWR0aD0iMSIgaGVpZ2h0PSIxIiB4bWxucz0iaHR0cDovL3d3dy53My5vcmcvMjAwMC9zdmciPjwvc3ZnPg==\" style=\"--smush-placeholder-width: 466px; --smush-placeholder-aspect-ratio: 466\/352;\" \/><\/figure><div class=\"wp-block-media-text__content\">\n<h1 class=\"wp-block-heading\" id=\"rehausse-palette\">Rehausse Palette<\/h1>\n\n\n\n<p>Les rehausses palette bois &nbsp;s&rsquo;adaptent soit sur une palette euro, soit sur un patin SUR MESURE souhait\u00e9 par le client. Avec son \u00e9paisseur de 20 mm, il offre une bo\u00eete durable (r\u00e9utilisable) qui peut \u00eatre ajust\u00e9e en hauteur aux souhaits du client. La caisse palette bois peut \u00eatre ferm\u00e9e avec un couvercle avec un bord d&rsquo;ajustement qui s&rsquo;adapte parfaitement ici. Sur demande, les colliers sont imprim\u00e9s du logo du client, ce qui optimise sa visibilit\u00e9 aupr\u00e8s des clients et des fournisseurs !<\/p>\n\n\n\n<div class=\"wp-block-buttons is-layout-flex wp-block-buttons-is-layout-flex\">\n<div class=\"wp-block-button\"><a class=\"wp-block-button__link\" href=\"https:\/\/readybox.eu\/houten-transportkist\/palletrand\/standaard\/\">D\u00e9crouvrir plus<\/a><\/div>\n<\/div>\n<\/div><\/div>\n\n\n\n<div style=\"height:80px\" aria-hidden=\"true\" class=\"wp-block-spacer\"><\/div>\n\n\n\n<div class=\"wp-block-columns is-layout-flex wp-container-core-columns-is-layout-9d6595d7 wp-block-columns-is-layout-flex\">\n<div class=\"wp-block-column containerSmall is-layout-flow wp-block-column-is-layout-flow\">\n<h1 class=\"wp-block-heading\" id=\"travail-sur-mesure\">TRAVAIL SUR MESURE<\/h1>\n\n\n\n<p>Les colliers sont \u00e9galement personnalis\u00e9s par nos soins afin qu&rsquo;ils ne s&rsquo;adaptent pas seulement aux palettes EUR, mais aussi aux \u00ab\u00a0BLOCK PALETTES\u00a0\u00bb industrielles et aux palettes sur mesure &nbsp;aux petites palettes.<\/p>\n\n\n\n<div class=\"wp-block-buttons is-layout-flex wp-block-buttons-is-layout-flex\">\n<div class=\"wp-block-button\"><a class=\"wp-block-button__link\" href=\"https:\/\/readybox.eu\/houten-transportkist\/palletrand\/maatwerk\/\">D\u00e9couvrir plus<\/a><\/div>\n<\/div>\n<\/div>\n<\/div>\n","protected":false},"excerpt":{"rendered":"<p>Rehausse palette bois TRAVAIL SUR MESURE Les colliers sont \u00e9galement personnalis\u00e9s par nos soins afin qu&rsquo;ils ne s&rsquo;adaptent pas seulement aux palettes EUR, mais aussi aux \u00ab\u00a0BLOCK PALETTES\u00a0\u00bb industrielles et aux palettes sur mesure &nbsp;aux petites palettes.<\/p>\n","protected":false},"author":1,"featured_media":1155,"parent":1539,"menu_order":1,"comment_status":"closed","ping_status":"closed","template":"template_product.php","meta":{"_acf_changed":false,"footnotes":""},"class_list":["post-1571","page","type-page","status-publish","has-post-thumbnail","hentry"],"acf":[],"yoast_head":"<!-- This site is optimized with the Yoast SEO plugin v25.7 - https:\/\/yoast.com\/wordpress\/plugins\/seo\/ -->\n<title>Rehausse palette bois | Readybox<\/title>\n<meta name=\"robots\" content=\"index, follow, max-snippet:-1, max-image-preview:large, max-video-preview:-1\" \/>\n<link rel=\"canonical\" href=\"https:\/\/readybox.eu\/fr\/caisse-en-bois\/rehausse-palette-bois\/\" \/>\n<meta property=\"og:locale\" content=\"fr_FR\" \/>\n<meta property=\"og:type\" content=\"article\" \/>\n<meta property=\"og:title\" content=\"Rehausse palette bois | Readybox\" \/>\n<meta property=\"og:description\" content=\"Rehausse palette bois TRAVAIL SUR MESURE Les colliers sont \u00e9galement personnalis\u00e9s par nos soins afin qu&rsquo;ils ne s&rsquo;adaptent pas seulement aux palettes EUR, mais aussi aux \u00ab\u00a0BLOCK PALETTES\u00a0\u00bb industrielles et aux palettes sur mesure &nbsp;aux petites palettes.\" \/>\n<meta property=\"og:url\" content=\"https:\/\/readybox.eu\/fr\/caisse-en-bois\/rehausse-palette-bois\/\" \/>\n<meta property=\"og:site_name\" content=\"Readybox\" \/>\n<meta property=\"article:modified_time\" content=\"2022-02-16T09:58:32+00:00\" \/>\n<meta property=\"og:image\" content=\"https:\/\/readybox.eu\/wp-content\/uploads\/2021\/11\/OZ004-special-dividers.png\" \/>\n\t<meta property=\"og:image:width\" content=\"466\" \/>\n\t<meta property=\"og:image:height\" content=\"352\" \/>\n\t<meta property=\"og:image:type\" content=\"image\/png\" \/>\n<meta name=\"twitter:card\" content=\"summary_large_image\" \/>\n<meta name=\"twitter:label1\" content=\"Dur\u00e9e de lecture estim\u00e9e\" \/>\n\t<meta name=\"twitter:data1\" content=\"1 minute\" \/>\n<script type=\"application\/ld+json\" class=\"yoast-schema-graph\">{\"@context\":\"https:\/\/schema.org\",\"@graph\":[{\"@type\":\"WebPage\",\"@id\":\"https:\/\/readybox.eu\/fr\/caisse-en-bois\/rehausse-palette-bois\/\",\"url\":\"https:\/\/readybox.eu\/fr\/caisse-en-bois\/rehausse-palette-bois\/\",\"name\":\"Rehausse palette bois | Readybox\",\"isPartOf\":{\"@id\":\"https:\/\/readybox.eu\/fr\/#website\"},\"primaryImageOfPage\":{\"@id\":\"https:\/\/readybox.eu\/fr\/caisse-en-bois\/rehausse-palette-bois\/#primaryimage\"},\"image\":{\"@id\":\"https:\/\/readybox.eu\/fr\/caisse-en-bois\/rehausse-palette-bois\/#primaryimage\"},\"thumbnailUrl\":\"https:\/\/readybox.eu\/wp-content\/uploads\/2021\/11\/OZ004-special-dividers.png\",\"datePublished\":\"2021-11-23T10:41:03+00:00\",\"dateModified\":\"2022-02-16T09:58:32+00:00\",\"breadcrumb\":{\"@id\":\"https:\/\/readybox.eu\/fr\/caisse-en-bois\/rehausse-palette-bois\/#breadcrumb\"},\"inLanguage\":\"fr-FR\",\"potentialAction\":[{\"@type\":\"ReadAction\",\"target\":[\"https:\/\/readybox.eu\/fr\/caisse-en-bois\/rehausse-palette-bois\/\"]}]},{\"@type\":\"ImageObject\",\"inLanguage\":\"fr-FR\",\"@id\":\"https:\/\/readybox.eu\/fr\/caisse-en-bois\/rehausse-palette-bois\/#primaryimage\",\"url\":\"https:\/\/readybox.eu\/wp-content\/uploads\/2021\/11\/OZ004-special-dividers.png\",\"contentUrl\":\"https:\/\/readybox.eu\/wp-content\/uploads\/2021\/11\/OZ004-special-dividers.png\",\"width\":466,\"height\":352},{\"@type\":\"BreadcrumbList\",\"@id\":\"https:\/\/readybox.eu\/fr\/caisse-en-bois\/rehausse-palette-bois\/#breadcrumb\",\"itemListElement\":[{\"@type\":\"ListItem\",\"position\":1,\"name\":\"Caisse en bois\",\"item\":\"https:\/\/readybox.eu\/fr\/caisse-en-bois\/\"},{\"@type\":\"ListItem\",\"position\":2,\"name\":\"Rehausse palette bois\"}]},{\"@type\":\"WebSite\",\"@id\":\"https:\/\/readybox.eu\/fr\/#website\",\"url\":\"https:\/\/readybox.eu\/fr\/\",\"name\":\"Readybox\",\"description\":\"Sustainable Packing\",\"potentialAction\":[{\"@type\":\"SearchAction\",\"target\":{\"@type\":\"EntryPoint\",\"urlTemplate\":\"https:\/\/readybox.eu\/fr\/?s={search_term_string}\"},\"query-input\":{\"@type\":\"PropertyValueSpecification\",\"valueRequired\":true,\"valueName\":\"search_term_string\"}}],\"inLanguage\":\"fr-FR\"}]}<\/script>\n<!-- \/ Yoast SEO plugin. -->","yoast_head_json":{"title":"Rehausse palette bois | Readybox","robots":{"index":"index","follow":"follow","max-snippet":"max-snippet:-1","max-image-preview":"max-image-preview:large","max-video-preview":"max-video-preview:-1"},"canonical":"https:\/\/readybox.eu\/fr\/caisse-en-bois\/rehausse-palette-bois\/","og_locale":"fr_FR","og_type":"article","og_title":"Rehausse palette bois | Readybox","og_description":"Rehausse palette bois TRAVAIL SUR MESURE Les colliers sont \u00e9galement personnalis\u00e9s par nos soins afin qu&rsquo;ils ne s&rsquo;adaptent pas seulement aux palettes EUR, mais aussi aux \u00ab\u00a0BLOCK PALETTES\u00a0\u00bb industrielles et aux palettes sur mesure &nbsp;aux petites palettes.","og_url":"https:\/\/readybox.eu\/fr\/caisse-en-bois\/rehausse-palette-bois\/","og_site_name":"Readybox","article_modified_time":"2022-02-16T09:58:32+00:00","og_image":[{"width":466,"height":352,"url":"https:\/\/readybox.eu\/wp-content\/uploads\/2021\/11\/OZ004-special-dividers.png","type":"image\/png"}],"twitter_card":"summary_large_image","twitter_misc":{"Dur\u00e9e de lecture estim\u00e9e":"1 minute"},"schema":{"@context":"https:\/\/schema.org","@graph":[{"@type":"WebPage","@id":"https:\/\/readybox.eu\/fr\/caisse-en-bois\/rehausse-palette-bois\/","url":"https:\/\/readybox.eu\/fr\/caisse-en-bois\/rehausse-palette-bois\/","name":"Rehausse palette bois | Readybox","isPartOf":{"@id":"https:\/\/readybox.eu\/fr\/#website"},"primaryImageOfPage":{"@id":"https:\/\/readybox.eu\/fr\/caisse-en-bois\/rehausse-palette-bois\/#primaryimage"},"image":{"@id":"https:\/\/readybox.eu\/fr\/caisse-en-bois\/rehausse-palette-bois\/#primaryimage"},"thumbnailUrl":"https:\/\/readybox.eu\/wp-content\/uploads\/2021\/11\/OZ004-special-dividers.png","datePublished":"2021-11-23T10:41:03+00:00","dateModified":"2022-02-16T09:58:32+00:00","breadcrumb":{"@id":"https:\/\/readybox.eu\/fr\/caisse-en-bois\/rehausse-palette-bois\/#breadcrumb"},"inLanguage":"fr-FR","potentialAction":[{"@type":"ReadAction","target":["https:\/\/readybox.eu\/fr\/caisse-en-bois\/rehausse-palette-bois\/"]}]},{"@type":"ImageObject","inLanguage":"fr-FR","@id":"https:\/\/readybox.eu\/fr\/caisse-en-bois\/rehausse-palette-bois\/#primaryimage","url":"https:\/\/readybox.eu\/wp-content\/uploads\/2021\/11\/OZ004-special-dividers.png","contentUrl":"https:\/\/readybox.eu\/wp-content\/uploads\/2021\/11\/OZ004-special-dividers.png","width":466,"height":352},{"@type":"BreadcrumbList","@id":"https:\/\/readybox.eu\/fr\/caisse-en-bois\/rehausse-palette-bois\/#breadcrumb","itemListElement":[{"@type":"ListItem","position":1,"name":"Caisse en bois","item":"https:\/\/readybox.eu\/fr\/caisse-en-bois\/"},{"@type":"ListItem","position":2,"name":"Rehausse palette bois"}]},{"@type":"WebSite","@id":"https:\/\/readybox.eu\/fr\/#website","url":"https:\/\/readybox.eu\/fr\/","name":"Readybox","description":"Sustainable Packing","potentialAction":[{"@type":"SearchAction","target":{"@type":"EntryPoint","urlTemplate":"https:\/\/readybox.eu\/fr\/?s={search_term_string}"},"query-input":{"@type":"PropertyValueSpecification","valueRequired":true,"valueName":"search_term_string"}}],"inLanguage":"fr-FR"}]}},"_links":{"self":[{"href":"https:\/\/readybox.eu\/fr\/wp-json\/wp\/v2\/pages\/1571","targetHints":{"allow":["GET"]}}],"collection":[{"href":"https:\/\/readybox.eu\/fr\/wp-json\/wp\/v2\/pages"}],"about":[{"href":"https:\/\/readybox.eu\/fr\/wp-json\/wp\/v2\/types\/page"}],"author":[{"embeddable":true,"href":"https:\/\/readybox.eu\/fr\/wp-json\/wp\/v2\/users\/1"}],"replies":[{"embeddable":true,"href":"https:\/\/readybox.eu\/fr\/wp-json\/wp\/v2\/comments?post=1571"}],"version-history":[{"count":0,"href":"https:\/\/readybox.eu\/fr\/wp-json\/wp\/v2\/pages\/1571\/revisions"}],"up":[{"embeddable":true,"href":"https:\/\/readybox.eu\/fr\/wp-json\/wp\/v2\/pages\/1539"}],"wp:featuredmedia":[{"embeddable":true,"href":"https:\/\/readybox.eu\/fr\/wp-json\/wp\/v2\/media\/1155"}],"wp:attachment":[{"href":"https:\/\/readybox.eu\/fr\/wp-json\/wp\/v2\/media?parent=1571"}],"curies":[{"name":"wp","href":"https:\/\/api.w.org\/{rel}","templated":true}]}}