{"id":1578,"date":"2021-11-23T10:41:40","date_gmt":"2021-11-23T10:41:40","guid":{"rendered":"https:\/\/readybox.eu\/houten-transportkist\/transportwiegen\/"},"modified":"2022-02-16T09:58:43","modified_gmt":"2022-02-16T09:58:43","slug":"camarteaux","status":"publish","type":"page","link":"https:\/\/readybox.eu\/fr\/caisse-en-bois\/camarteaux\/","title":{"rendered":"Camarteaux"},"content":{"rendered":"\n<div class=\"wp-block-columns is-layout-flex wp-container-core-columns-is-layout-9d6595d7 wp-block-columns-is-layout-flex\">\n<div class=\"wp-block-column is-layout-flow wp-block-column-is-layout-flow\">\n<figure class=\"wp-block-gallery has-nested-images columns-0 is-cropped sliderNew wp-block-gallery-1 is-layout-flex wp-block-gallery-is-layout-flex\">\n<figure class=\"wp-block-image size-large\"><img decoding=\"async\" width=\"1500\" height=\"1125\" data-id=\"626\" data-src=\"https:\/\/readybox.eu\/wp-content\/uploads\/2021\/12\/20140630_074424-1500x1125.jpg\" alt=\"\" class=\"wp-image-626 lazyload\" data-srcset=\"https:\/\/readybox.eu\/wp-content\/uploads\/2021\/12\/20140630_074424-1500x1125.jpg 1500w, https:\/\/readybox.eu\/wp-content\/uploads\/2021\/12\/20140630_074424-300x225.jpg 300w, https:\/\/readybox.eu\/wp-content\/uploads\/2021\/12\/20140630_074424-768x576.jpg 768w, https:\/\/readybox.eu\/wp-content\/uploads\/2021\/12\/20140630_074424-1536x1152.jpg 1536w, https:\/\/readybox.eu\/wp-content\/uploads\/2021\/12\/20140630_074424.jpg 2000w\" data-sizes=\"(max-width: 1500px) 100vw, 1500px\" src=\"data:image\/svg+xml;base64,PHN2ZyB3aWR0aD0iMSIgaGVpZ2h0PSIxIiB4bWxucz0iaHR0cDovL3d3dy53My5vcmcvMjAwMC9zdmciPjwvc3ZnPg==\" style=\"--smush-placeholder-width: 1500px; --smush-placeholder-aspect-ratio: 1500\/1125;\" \/><\/figure>\n\n\n\n<figure class=\"wp-block-image size-large\"><img decoding=\"async\" width=\"1500\" height=\"1125\" data-id=\"625\" data-src=\"https:\/\/readybox.eu\/wp-content\/uploads\/2021\/12\/20140319_160803-1500x1125.jpg\" alt=\"\" class=\"wp-image-625 lazyload\" data-srcset=\"https:\/\/readybox.eu\/wp-content\/uploads\/2021\/12\/20140319_160803-1500x1125.jpg 1500w, https:\/\/readybox.eu\/wp-content\/uploads\/2021\/12\/20140319_160803-300x225.jpg 300w, https:\/\/readybox.eu\/wp-content\/uploads\/2021\/12\/20140319_160803-768x576.jpg 768w, https:\/\/readybox.eu\/wp-content\/uploads\/2021\/12\/20140319_160803-1536x1152.jpg 1536w, https:\/\/readybox.eu\/wp-content\/uploads\/2021\/12\/20140319_160803.jpg 2000w\" data-sizes=\"(max-width: 1500px) 100vw, 1500px\" src=\"data:image\/svg+xml;base64,PHN2ZyB3aWR0aD0iMSIgaGVpZ2h0PSIxIiB4bWxucz0iaHR0cDovL3d3dy53My5vcmcvMjAwMC9zdmciPjwvc3ZnPg==\" style=\"--smush-placeholder-width: 1500px; --smush-placeholder-aspect-ratio: 1500\/1125;\" \/><\/figure>\n\n\n\n<figure class=\"wp-block-image size-large\"><img decoding=\"async\" width=\"1500\" height=\"1125\" data-id=\"622\" data-src=\"https:\/\/readybox.eu\/wp-content\/uploads\/2021\/12\/04042012581-1500x1125.jpg\" alt=\"\" class=\"wp-image-622 lazyload\" data-srcset=\"https:\/\/readybox.eu\/wp-content\/uploads\/2021\/12\/04042012581-1500x1125.jpg 1500w, https:\/\/readybox.eu\/wp-content\/uploads\/2021\/12\/04042012581-300x225.jpg 300w, https:\/\/readybox.eu\/wp-content\/uploads\/2021\/12\/04042012581-768x576.jpg 768w, https:\/\/readybox.eu\/wp-content\/uploads\/2021\/12\/04042012581-1536x1152.jpg 1536w, https:\/\/readybox.eu\/wp-content\/uploads\/2021\/12\/04042012581-2048x1536.jpg 2048w\" data-sizes=\"(max-width: 1500px) 100vw, 1500px\" src=\"data:image\/svg+xml;base64,PHN2ZyB3aWR0aD0iMSIgaGVpZ2h0PSIxIiB4bWxucz0iaHR0cDovL3d3dy53My5vcmcvMjAwMC9zdmciPjwvc3ZnPg==\" style=\"--smush-placeholder-width: 1500px; --smush-placeholder-aspect-ratio: 1500\/1125;\" \/><\/figure>\n\n\n\n<figure class=\"wp-block-image size-large\"><img decoding=\"async\" width=\"1500\" height=\"1125\" data-id=\"623\" data-src=\"https:\/\/readybox.eu\/wp-content\/uploads\/2021\/12\/27112012731-1500x1125.jpg\" alt=\"\" class=\"wp-image-623 lazyload\" data-srcset=\"https:\/\/readybox.eu\/wp-content\/uploads\/2021\/12\/27112012731-1500x1125.jpg 1500w, https:\/\/readybox.eu\/wp-content\/uploads\/2021\/12\/27112012731-300x225.jpg 300w, https:\/\/readybox.eu\/wp-content\/uploads\/2021\/12\/27112012731-768x576.jpg 768w, https:\/\/readybox.eu\/wp-content\/uploads\/2021\/12\/27112012731-1536x1152.jpg 1536w, https:\/\/readybox.eu\/wp-content\/uploads\/2021\/12\/27112012731-2048x1536.jpg 2048w\" data-sizes=\"(max-width: 1500px) 100vw, 1500px\" src=\"data:image\/svg+xml;base64,PHN2ZyB3aWR0aD0iMSIgaGVpZ2h0PSIxIiB4bWxucz0iaHR0cDovL3d3dy53My5vcmcvMjAwMC9zdmciPjwvc3ZnPg==\" style=\"--smush-placeholder-width: 1500px; --smush-placeholder-aspect-ratio: 1500\/1125;\" \/><\/figure>\n\n\n\n<figure class=\"wp-block-image size-large\"><img decoding=\"async\" width=\"1500\" height=\"1001\" data-id=\"620\" data-src=\"https:\/\/readybox.eu\/wp-content\/uploads\/2021\/12\/IMG_8231-kopie-1500x1001.jpg\" alt=\"\" class=\"wp-image-620 lazyload\" data-srcset=\"https:\/\/readybox.eu\/wp-content\/uploads\/2021\/12\/IMG_8231-kopie-1500x1001.jpg 1500w, https:\/\/readybox.eu\/wp-content\/uploads\/2021\/12\/IMG_8231-kopie-300x200.jpg 300w, https:\/\/readybox.eu\/wp-content\/uploads\/2021\/12\/IMG_8231-kopie-768x513.jpg 768w, https:\/\/readybox.eu\/wp-content\/uploads\/2021\/12\/IMG_8231-kopie-1536x1025.jpg 1536w, https:\/\/readybox.eu\/wp-content\/uploads\/2021\/12\/IMG_8231-kopie-2048x1367.jpg 2048w\" data-sizes=\"(max-width: 1500px) 100vw, 1500px\" src=\"data:image\/svg+xml;base64,PHN2ZyB3aWR0aD0iMSIgaGVpZ2h0PSIxIiB4bWxucz0iaHR0cDovL3d3dy53My5vcmcvMjAwMC9zdmciPjwvc3ZnPg==\" style=\"--smush-placeholder-width: 1500px; --smush-placeholder-aspect-ratio: 1500\/1001;\" \/><\/figure>\n<\/figure>\n<\/div>\n\n\n\n<div class=\"wp-block-column is-layout-flow wp-block-column-is-layout-flow\">\n<h1 class=\"wp-block-heading\" id=\"camarteaux\">Camarteaux<\/h1>\n\n\n\n<p>Les lits de transport en bois (\u00e9galement appel\u00e9s selles ou CAMARTEAUX) sont des lits en bois sur mesure qui r\u00e9partissent de mani\u00e8re optimale le poids des chaudi\u00e8res ou des tubes ronds et offrent un soutien suppl\u00e9mentaire pendant le transport.<\/p>\n\n\n\n<div style=\"height:80px\" aria-hidden=\"true\" class=\"wp-block-spacer\"><\/div>\n\n\n\n<div class=\"wp-block-buttons is-horizontal is-content-justification-left is-layout-flex wp-container-core-buttons-is-layout-7e5fce0a wp-block-buttons-is-layout-flex\">\n<div class=\"wp-block-button\"><a class=\"wp-block-button__link\" href=\"https:\/\/readybox.eu\/contact\/\">Devis gratuit<\/a><\/div>\n<\/div>\n<\/div>\n<\/div>\n\n\n\n<div style=\"height:80px\" aria-hidden=\"true\" class=\"wp-block-spacer\"><\/div>\n\n\n\n<div class=\"wp-block-columns is-layout-flex wp-container-core-columns-is-layout-9d6595d7 wp-block-columns-is-layout-flex\">\n<div class=\"wp-block-column containerSmall is-layout-flow wp-block-column-is-layout-flow\">\n<p>Les berceaux d&rsquo;exp\u00e9dition sont fabriqu\u00e9s en bois s\u00e9ch\u00e9 NIMP15, \u00e9labor\u00e9s dans n&rsquo;importe quel diam\u00e8tre souhait\u00e9 de divers tuyaux, des silos ou vesseaux &nbsp;\u00e0 haute pression. Le dessus des berceaux est recouvert d&rsquo;un tapis anti-boue, d&rsquo;une couche de caoutchouc ou de mousse pour \u00e9viter les rayures ou les deformations.&nbsp; (berceaux scell\u00e9s) (voir photo). Les marchandises peuvent \u00eatre fournies avec un film r\u00e9tractable ou VCI contre la salet\u00e9.<\/p>\n\n\n\n<div class=\"wp-block-image fullImage\"><figure class=\"aligncenter size-full\"><img decoding=\"async\" width=\"640\" height=\"480\" data-src=\"https:\/\/readybox.eu\/wp-content\/uploads\/2021\/12\/DSCN1430.jpg\" alt=\"\" class=\"wp-image-586 lazyload\" data-srcset=\"https:\/\/readybox.eu\/wp-content\/uploads\/2021\/12\/DSCN1430.jpg 640w, https:\/\/readybox.eu\/wp-content\/uploads\/2021\/12\/DSCN1430-300x225.jpg 300w\" data-sizes=\"(max-width: 640px) 100vw, 640px\" src=\"data:image\/svg+xml;base64,PHN2ZyB3aWR0aD0iMSIgaGVpZ2h0PSIxIiB4bWxucz0iaHR0cDovL3d3dy53My5vcmcvMjAwMC9zdmciPjwvc3ZnPg==\" style=\"--smush-placeholder-width: 640px; --smush-placeholder-aspect-ratio: 640\/480;\" \/><\/figure><\/div>\n\n\n\n<div style=\"height:80px\" aria-hidden=\"true\" class=\"wp-block-spacer\"><\/div>\n\n\n\n<p>Les berceaux peuvent \u00e9galement \u00eatre s\u00e9curis\u00e9s avec des boulons et \u00e9crous de serrage continu (tirefonds) &nbsp;pour les silos \u00e0 parois \u00e9paisses (voir photo et plan).<\/p>\n\n\n\n<figure class=\"wp-block-image size-full\"><img decoding=\"async\" width=\"1310\" height=\"592\" data-src=\"https:\/\/readybox.eu\/wp-content\/uploads\/2021\/12\/transportwieg.png\" alt=\"\" class=\"wp-image-621 lazyload\" data-srcset=\"https:\/\/readybox.eu\/wp-content\/uploads\/2021\/12\/transportwieg.png 1310w, https:\/\/readybox.eu\/wp-content\/uploads\/2021\/12\/transportwieg-300x136.png 300w, https:\/\/readybox.eu\/wp-content\/uploads\/2021\/12\/transportwieg-768x347.png 768w\" data-sizes=\"(max-width: 1310px) 100vw, 1310px\" src=\"data:image\/svg+xml;base64,PHN2ZyB3aWR0aD0iMSIgaGVpZ2h0PSIxIiB4bWxucz0iaHR0cDovL3d3dy53My5vcmcvMjAwMC9zdmciPjwvc3ZnPg==\" style=\"--smush-placeholder-width: 1310px; --smush-placeholder-aspect-ratio: 1310\/592;\" \/><\/figure>\n\n\n\n<div style=\"height:80px\" aria-hidden=\"true\" class=\"wp-block-spacer\"><\/div>\n\n\n\n<p>En consultation avec le client, les berceaux peuvent \u00eatre renforc\u00e9s avec des sangles m\u00e9talliques et des boulons continus. Des \u0153illets de levage et des \u0153illets d&rsquo;arrimage sont fix\u00e9s si n\u00e9cessaire et une feuille de PVC solide est fabriqu\u00e9e. Appliqu\u00e9e sous forme de film r\u00e9tractable comme protection ext\u00e9rieure contre la poussi\u00e8re et la pluie pour le chargement dans un navire roulier par exemple d&rsquo;une \u00e9paisseur de 200 \u00e0 400 microns.<\/p>\n\n\n\n<p> <\/p>\n\n\n\n<figure class=\"wp-block-image size-large\"><img decoding=\"async\" width=\"1500\" height=\"1001\" data-src=\"https:\/\/readybox.eu\/wp-content\/uploads\/2021\/12\/transportwieg-1500x1001.jpg\" alt=\"\" class=\"wp-image-652 lazyload\" data-srcset=\"https:\/\/readybox.eu\/wp-content\/uploads\/2021\/12\/transportwieg-1500x1001.jpg 1500w, https:\/\/readybox.eu\/wp-content\/uploads\/2021\/12\/transportwieg-300x200.jpg 300w, https:\/\/readybox.eu\/wp-content\/uploads\/2021\/12\/transportwieg-768x513.jpg 768w, https:\/\/readybox.eu\/wp-content\/uploads\/2021\/12\/transportwieg-1536x1025.jpg 1536w, https:\/\/readybox.eu\/wp-content\/uploads\/2021\/12\/transportwieg-2048x1367.jpg 2048w\" data-sizes=\"(max-width: 1500px) 100vw, 1500px\" src=\"data:image\/svg+xml;base64,PHN2ZyB3aWR0aD0iMSIgaGVpZ2h0PSIxIiB4bWxucz0iaHR0cDovL3d3dy53My5vcmcvMjAwMC9zdmciPjwvc3ZnPg==\" style=\"--smush-placeholder-width: 1500px; --smush-placeholder-aspect-ratio: 1500\/1001;\" \/><\/figure>\n<\/div>\n<\/div>\n","protected":false},"excerpt":{"rendered":"<p>Camarteaux Les lits de transport en bois (\u00e9galement appel\u00e9s selles ou CAMARTEAUX) sont des lits en bois sur mesure qui r\u00e9partissent de mani\u00e8re optimale le poids des chaudi\u00e8res ou des tubes ronds et offrent un soutien suppl\u00e9mentaire pendant le transport. Les berceaux d&rsquo;exp\u00e9dition sont fabriqu\u00e9s en bois s\u00e9ch\u00e9 NIMP15, \u00e9labor\u00e9s dans n&rsquo;importe quel diam\u00e8tre souhait\u00e9 [&hellip;]<\/p>\n","protected":false},"author":1,"featured_media":1157,"parent":1539,"menu_order":2,"comment_status":"closed","ping_status":"closed","template":"template_product.php","meta":{"_acf_changed":false,"footnotes":""},"class_list":["post-1578","page","type-page","status-publish","has-post-thumbnail","hentry"],"acf":[],"yoast_head":"<!-- This site is optimized with the Yoast SEO plugin v25.7 - https:\/\/yoast.com\/wordpress\/plugins\/seo\/ -->\n<title>Camarteaux | Readybox<\/title>\n<meta name=\"robots\" content=\"index, follow, max-snippet:-1, max-image-preview:large, max-video-preview:-1\" \/>\n<link rel=\"canonical\" href=\"https:\/\/readybox.eu\/fr\/caisse-en-bois\/camarteaux\/\" \/>\n<meta property=\"og:locale\" content=\"fr_FR\" \/>\n<meta property=\"og:type\" content=\"article\" \/>\n<meta property=\"og:title\" content=\"Camarteaux | Readybox\" \/>\n<meta property=\"og:description\" content=\"Camarteaux Les lits de transport en bois (\u00e9galement appel\u00e9s selles ou CAMARTEAUX) sont des lits en bois sur mesure qui r\u00e9partissent de mani\u00e8re optimale le poids des chaudi\u00e8res ou des tubes ronds et offrent un soutien suppl\u00e9mentaire pendant le transport. Les berceaux d&rsquo;exp\u00e9dition sont fabriqu\u00e9s en bois s\u00e9ch\u00e9 NIMP15, \u00e9labor\u00e9s dans n&rsquo;importe quel diam\u00e8tre souhait\u00e9 [&hellip;]\" \/>\n<meta property=\"og:url\" content=\"https:\/\/readybox.eu\/fr\/caisse-en-bois\/camarteaux\/\" \/>\n<meta property=\"og:site_name\" content=\"Readybox\" \/>\n<meta property=\"article:modified_time\" content=\"2022-02-16T09:58:43+00:00\" \/>\n<meta property=\"og:image\" content=\"https:\/\/readybox.eu\/wp-content\/uploads\/2021\/11\/foto-scaled.jpg\" \/>\n\t<meta property=\"og:image:width\" content=\"2560\" \/>\n\t<meta property=\"og:image:height\" content=\"1920\" \/>\n\t<meta property=\"og:image:type\" content=\"image\/jpeg\" \/>\n<meta name=\"twitter:card\" content=\"summary_large_image\" \/>\n<meta name=\"twitter:label1\" content=\"Dur\u00e9e de lecture estim\u00e9e\" \/>\n\t<meta name=\"twitter:data1\" content=\"3 minutes\" \/>\n<script type=\"application\/ld+json\" class=\"yoast-schema-graph\">{\"@context\":\"https:\/\/schema.org\",\"@graph\":[{\"@type\":\"WebPage\",\"@id\":\"https:\/\/readybox.eu\/fr\/caisse-en-bois\/camarteaux\/\",\"url\":\"https:\/\/readybox.eu\/fr\/caisse-en-bois\/camarteaux\/\",\"name\":\"Camarteaux | Readybox\",\"isPartOf\":{\"@id\":\"https:\/\/readybox.eu\/fr\/#website\"},\"primaryImageOfPage\":{\"@id\":\"https:\/\/readybox.eu\/fr\/caisse-en-bois\/camarteaux\/#primaryimage\"},\"image\":{\"@id\":\"https:\/\/readybox.eu\/fr\/caisse-en-bois\/camarteaux\/#primaryimage\"},\"thumbnailUrl\":\"https:\/\/readybox.eu\/wp-content\/uploads\/2021\/11\/foto-scaled.jpg\",\"datePublished\":\"2021-11-23T10:41:40+00:00\",\"dateModified\":\"2022-02-16T09:58:43+00:00\",\"breadcrumb\":{\"@id\":\"https:\/\/readybox.eu\/fr\/caisse-en-bois\/camarteaux\/#breadcrumb\"},\"inLanguage\":\"fr-FR\",\"potentialAction\":[{\"@type\":\"ReadAction\",\"target\":[\"https:\/\/readybox.eu\/fr\/caisse-en-bois\/camarteaux\/\"]}]},{\"@type\":\"ImageObject\",\"inLanguage\":\"fr-FR\",\"@id\":\"https:\/\/readybox.eu\/fr\/caisse-en-bois\/camarteaux\/#primaryimage\",\"url\":\"https:\/\/readybox.eu\/wp-content\/uploads\/2021\/11\/foto-scaled.jpg\",\"contentUrl\":\"https:\/\/readybox.eu\/wp-content\/uploads\/2021\/11\/foto-scaled.jpg\",\"width\":2560,\"height\":1920},{\"@type\":\"BreadcrumbList\",\"@id\":\"https:\/\/readybox.eu\/fr\/caisse-en-bois\/camarteaux\/#breadcrumb\",\"itemListElement\":[{\"@type\":\"ListItem\",\"position\":1,\"name\":\"Caisse en bois\",\"item\":\"https:\/\/readybox.eu\/fr\/caisse-en-bois\/\"},{\"@type\":\"ListItem\",\"position\":2,\"name\":\"Camarteaux\"}]},{\"@type\":\"WebSite\",\"@id\":\"https:\/\/readybox.eu\/fr\/#website\",\"url\":\"https:\/\/readybox.eu\/fr\/\",\"name\":\"Readybox\",\"description\":\"Sustainable Packing\",\"potentialAction\":[{\"@type\":\"SearchAction\",\"target\":{\"@type\":\"EntryPoint\",\"urlTemplate\":\"https:\/\/readybox.eu\/fr\/?s={search_term_string}\"},\"query-input\":{\"@type\":\"PropertyValueSpecification\",\"valueRequired\":true,\"valueName\":\"search_term_string\"}}],\"inLanguage\":\"fr-FR\"}]}<\/script>\n<!-- \/ Yoast SEO plugin. -->","yoast_head_json":{"title":"Camarteaux | Readybox","robots":{"index":"index","follow":"follow","max-snippet":"max-snippet:-1","max-image-preview":"max-image-preview:large","max-video-preview":"max-video-preview:-1"},"canonical":"https:\/\/readybox.eu\/fr\/caisse-en-bois\/camarteaux\/","og_locale":"fr_FR","og_type":"article","og_title":"Camarteaux | Readybox","og_description":"Camarteaux Les lits de transport en bois (\u00e9galement appel\u00e9s selles ou CAMARTEAUX) sont des lits en bois sur mesure qui r\u00e9partissent de mani\u00e8re optimale le poids des chaudi\u00e8res ou des tubes ronds et offrent un soutien suppl\u00e9mentaire pendant le transport. Les berceaux d&rsquo;exp\u00e9dition sont fabriqu\u00e9s en bois s\u00e9ch\u00e9 NIMP15, \u00e9labor\u00e9s dans n&rsquo;importe quel diam\u00e8tre souhait\u00e9 [&hellip;]","og_url":"https:\/\/readybox.eu\/fr\/caisse-en-bois\/camarteaux\/","og_site_name":"Readybox","article_modified_time":"2022-02-16T09:58:43+00:00","og_image":[{"width":2560,"height":1920,"url":"https:\/\/readybox.eu\/wp-content\/uploads\/2021\/11\/foto-scaled.jpg","type":"image\/jpeg"}],"twitter_card":"summary_large_image","twitter_misc":{"Dur\u00e9e de lecture estim\u00e9e":"3 minutes"},"schema":{"@context":"https:\/\/schema.org","@graph":[{"@type":"WebPage","@id":"https:\/\/readybox.eu\/fr\/caisse-en-bois\/camarteaux\/","url":"https:\/\/readybox.eu\/fr\/caisse-en-bois\/camarteaux\/","name":"Camarteaux | Readybox","isPartOf":{"@id":"https:\/\/readybox.eu\/fr\/#website"},"primaryImageOfPage":{"@id":"https:\/\/readybox.eu\/fr\/caisse-en-bois\/camarteaux\/#primaryimage"},"image":{"@id":"https:\/\/readybox.eu\/fr\/caisse-en-bois\/camarteaux\/#primaryimage"},"thumbnailUrl":"https:\/\/readybox.eu\/wp-content\/uploads\/2021\/11\/foto-scaled.jpg","datePublished":"2021-11-23T10:41:40+00:00","dateModified":"2022-02-16T09:58:43+00:00","breadcrumb":{"@id":"https:\/\/readybox.eu\/fr\/caisse-en-bois\/camarteaux\/#breadcrumb"},"inLanguage":"fr-FR","potentialAction":[{"@type":"ReadAction","target":["https:\/\/readybox.eu\/fr\/caisse-en-bois\/camarteaux\/"]}]},{"@type":"ImageObject","inLanguage":"fr-FR","@id":"https:\/\/readybox.eu\/fr\/caisse-en-bois\/camarteaux\/#primaryimage","url":"https:\/\/readybox.eu\/wp-content\/uploads\/2021\/11\/foto-scaled.jpg","contentUrl":"https:\/\/readybox.eu\/wp-content\/uploads\/2021\/11\/foto-scaled.jpg","width":2560,"height":1920},{"@type":"BreadcrumbList","@id":"https:\/\/readybox.eu\/fr\/caisse-en-bois\/camarteaux\/#breadcrumb","itemListElement":[{"@type":"ListItem","position":1,"name":"Caisse en bois","item":"https:\/\/readybox.eu\/fr\/caisse-en-bois\/"},{"@type":"ListItem","position":2,"name":"Camarteaux"}]},{"@type":"WebSite","@id":"https:\/\/readybox.eu\/fr\/#website","url":"https:\/\/readybox.eu\/fr\/","name":"Readybox","description":"Sustainable Packing","potentialAction":[{"@type":"SearchAction","target":{"@type":"EntryPoint","urlTemplate":"https:\/\/readybox.eu\/fr\/?s={search_term_string}"},"query-input":{"@type":"PropertyValueSpecification","valueRequired":true,"valueName":"search_term_string"}}],"inLanguage":"fr-FR"}]}},"_links":{"self":[{"href":"https:\/\/readybox.eu\/fr\/wp-json\/wp\/v2\/pages\/1578","targetHints":{"allow":["GET"]}}],"collection":[{"href":"https:\/\/readybox.eu\/fr\/wp-json\/wp\/v2\/pages"}],"about":[{"href":"https:\/\/readybox.eu\/fr\/wp-json\/wp\/v2\/types\/page"}],"author":[{"embeddable":true,"href":"https:\/\/readybox.eu\/fr\/wp-json\/wp\/v2\/users\/1"}],"replies":[{"embeddable":true,"href":"https:\/\/readybox.eu\/fr\/wp-json\/wp\/v2\/comments?post=1578"}],"version-history":[{"count":0,"href":"https:\/\/readybox.eu\/fr\/wp-json\/wp\/v2\/pages\/1578\/revisions"}],"up":[{"embeddable":true,"href":"https:\/\/readybox.eu\/fr\/wp-json\/wp\/v2\/pages\/1539"}],"wp:featuredmedia":[{"embeddable":true,"href":"https:\/\/readybox.eu\/fr\/wp-json\/wp\/v2\/media\/1157"}],"wp:attachment":[{"href":"https:\/\/readybox.eu\/fr\/wp-json\/wp\/v2\/media?parent=1578"}],"curies":[{"name":"wp","href":"https:\/\/api.w.org\/{rel}","templated":true}]}}