{"id":1581,"date":"2021-12-10T09:25:04","date_gmt":"2021-12-10T09:25:04","guid":{"rendered":"https:\/\/readybox.eu\/houten-transportkist\/industriele-kist\/kratten-glaskratten-diagonaal-transport\/"},"modified":"2022-02-16T09:39:22","modified_gmt":"2022-02-16T09:39:22","slug":"caisses-a-claire-voie","status":"publish","type":"page","link":"https:\/\/readybox.eu\/fr\/caisse-en-bois\/caisse-bois-pour-lexportation-industrielle\/caisses-a-claire-voie\/","title":{"rendered":"Caisses \u00e0 claire-voie"},"content":{"rendered":"\n<h1 class=\"has-text-align-center wp-block-heading\" id=\"caisses-a-claire-voie\">Caisses \u00e0 claire-voie<\/h1>\n\n\n\n<div class=\"wp-block-media-text alignwide is-stacked-on-mobile is-image-fill\"><figure class=\"wp-block-media-text__media lazyload\" style=\"background-image:inherit;background-position:50% 50%\" data-bg-image=\"url(https:\/\/readybox.eu\/wp-content\/uploads\/2021\/12\/20140417_155421-1500x1125.jpg)\"><img decoding=\"async\" width=\"1500\" height=\"1125\" data-src=\"https:\/\/readybox.eu\/wp-content\/uploads\/2021\/12\/20140417_155421-1500x1125.jpg\" alt=\"\" class=\"wp-image-577 size-full lazyload\" data-srcset=\"https:\/\/readybox.eu\/wp-content\/uploads\/2021\/12\/20140417_155421-1500x1125.jpg 1500w, https:\/\/readybox.eu\/wp-content\/uploads\/2021\/12\/20140417_155421-300x225.jpg 300w, https:\/\/readybox.eu\/wp-content\/uploads\/2021\/12\/20140417_155421-768x576.jpg 768w, https:\/\/readybox.eu\/wp-content\/uploads\/2021\/12\/20140417_155421-1536x1152.jpg 1536w, https:\/\/readybox.eu\/wp-content\/uploads\/2021\/12\/20140417_155421.jpg 2000w\" data-sizes=\"(max-width: 1500px) 100vw, 1500px\" src=\"data:image\/svg+xml;base64,PHN2ZyB3aWR0aD0iMSIgaGVpZ2h0PSIxIiB4bWxucz0iaHR0cDovL3d3dy53My5vcmcvMjAwMC9zdmciPjwvc3ZnPg==\" style=\"--smush-placeholder-width: 1500px; --smush-placeholder-aspect-ratio: 1500\/1125;\" \/><\/figure><div class=\"wp-block-media-text__content\">\n<h1 class=\"wp-block-heading\" id=\"caisses-a-claire-voie-1\">Caisses \u00e0 claire-voie<\/h1>\n\n\n\n<p>Les caisses bois &nbsp;sont constitu\u00e9es de structures \u00e0 lattes avec un poids l\u00e9ger, celles-ci &nbsp;sont \u00e9galement &nbsp;fabriqu\u00e9s sur mesure et&nbsp; toujours en bois s\u00e9ch\u00e9 NIMP 15. Livr\u00e9 assembl\u00e9 ou en panneaux (CKD). Une protection contre la corrosion VCI possible.<\/p>\n\n\n\n<p>Cette version l\u00e9g\u00e8re est une solution plus \u00e9conomique que les caisses d&rsquo;exportation bois plein, &nbsp;car moins de bois est utilis\u00e9 sans sacrifier la portance et la r\u00e9sistance. Readybox\u00ae est un sp\u00e9cialiste de la fabrication de caisses diverses, caisses pour vitres et pare-brises, cadres de construction, \u2026<\/p>\n\n\n\n<p>Les caisses sont id\u00e9ales pour le fret a\u00e9rien et lorsque les marchandises sont charg\u00e9es par conteneur.<\/p>\n\n\n\n<p>\u00c9tant donn\u00e9 que le fond est fabriqu\u00e9 en fonction du poids des marchandises, les mat\u00e9riaux lourds peuvent \u00e9galement \u00eatre exp\u00e9di\u00e9s sous forme de caisse, \u00e0 condition que le fond soit suffisamment solide.<\/p>\n\n\n\n<p>Les caisses en bois peuvent \u00e9galement \u00eatre \u00e9quip\u00e9es d&rsquo;anneaux de levage et\/ou de roues suppl\u00e9mentaires.&nbsp; L&rsquo;apposition de votre logo + marquage est possible<\/p>\n\n\n\n<div class=\"wp-block-buttons is-layout-flex wp-block-buttons-is-layout-flex\">\n<div class=\"wp-block-button\"><a class=\"wp-block-button__link\" href=\"https:\/\/readybox.eu\/krat\/\"><strong>D\u00e9couvrir plus<\/strong><\/a><\/div>\n<\/div>\n<\/div><\/div>\n\n\n\n<div style=\"height:80px\" aria-hidden=\"true\" class=\"wp-block-spacer\"><\/div>\n\n\n\n<div class=\"wp-block-media-text alignwide has-media-on-the-right is-stacked-on-mobile is-image-fill\"><figure class=\"wp-block-media-text__media lazyload\" style=\"background-image:inherit;background-position:50% 50%\" data-bg-image=\"url(https:\/\/readybox.eu\/wp-content\/uploads\/2021\/12\/05032013893-1500x1125.jpg)\"><img decoding=\"async\" width=\"1500\" height=\"1125\" data-src=\"https:\/\/readybox.eu\/wp-content\/uploads\/2021\/12\/05032013893-1500x1125.jpg\" alt=\"\" class=\"wp-image-575 size-full lazyload\" data-srcset=\"https:\/\/readybox.eu\/wp-content\/uploads\/2021\/12\/05032013893-1500x1125.jpg 1500w, https:\/\/readybox.eu\/wp-content\/uploads\/2021\/12\/05032013893-300x225.jpg 300w, https:\/\/readybox.eu\/wp-content\/uploads\/2021\/12\/05032013893-768x576.jpg 768w, https:\/\/readybox.eu\/wp-content\/uploads\/2021\/12\/05032013893-1536x1152.jpg 1536w, https:\/\/readybox.eu\/wp-content\/uploads\/2021\/12\/05032013893-2048x1536.jpg 2048w\" data-sizes=\"(max-width: 1500px) 100vw, 1500px\" src=\"data:image\/svg+xml;base64,PHN2ZyB3aWR0aD0iMSIgaGVpZ2h0PSIxIiB4bWxucz0iaHR0cDovL3d3dy53My5vcmcvMjAwMC9zdmciPjwvc3ZnPg==\" style=\"--smush-placeholder-width: 1500px; --smush-placeholder-aspect-ratio: 1500\/1125;\" \/><\/figure><div class=\"wp-block-media-text__content\">\n<h1 class=\"wp-block-heading\" id=\"support-pour-verrerie\">SUPPORT POUR VERRERIE<\/h1>\n\n\n\n<p>Supports \u00e0 verres sp\u00e9ciaux pour un transport s\u00fbr du verre.<\/p>\n\n\n\n<div class=\"wp-block-buttons is-layout-flex wp-block-buttons-is-layout-flex\">\n<div class=\"wp-block-button\"><a class=\"wp-block-button__link\" href=\"https:\/\/readybox.eu\/glaskrat\/\"><strong>D\u00e9couvrir plus<\/strong><\/a><\/div>\n<\/div>\n<\/div><\/div>\n\n\n\n<div style=\"height:80px\" aria-hidden=\"true\" class=\"wp-block-spacer\"><\/div>\n\n\n\n<div class=\"wp-block-media-text alignwide is-stacked-on-mobile is-image-fill\"><figure class=\"wp-block-media-text__media lazyload\" style=\"background-image:inherit;background-position:50% 50%\" data-bg-image=\"url(https:\/\/readybox.eu\/wp-content\/uploads\/2021\/12\/SAM_0691.jpg)\"><img decoding=\"async\" width=\"640\" height=\"480\" data-src=\"https:\/\/readybox.eu\/wp-content\/uploads\/2021\/12\/SAM_0691.jpg\" alt=\"\" class=\"wp-image-573 size-full lazyload\" data-srcset=\"https:\/\/readybox.eu\/wp-content\/uploads\/2021\/12\/SAM_0691.jpg 640w, https:\/\/readybox.eu\/wp-content\/uploads\/2021\/12\/SAM_0691-300x225.jpg 300w\" data-sizes=\"(max-width: 640px) 100vw, 640px\" src=\"data:image\/svg+xml;base64,PHN2ZyB3aWR0aD0iMSIgaGVpZ2h0PSIxIiB4bWxucz0iaHR0cDovL3d3dy53My5vcmcvMjAwMC9zdmciPjwvc3ZnPg==\" style=\"--smush-placeholder-width: 640px; --smush-placeholder-aspect-ratio: 640\/480;\" \/><\/figure><div class=\"wp-block-media-text__content\">\n<h1 class=\"wp-block-heading\" id=\"transport-en-diagonale\">TRANSPORT EN DIAGONALE<\/h1>\n\n\n\n<p>Berceaux et tr\u00e9teaux pour transporter de grandes plaques d&rsquo;acier en diagonale dans un HC de 40 pieds.<\/p>\n\n\n\n<div class=\"wp-block-buttons is-layout-flex wp-block-buttons-is-layout-flex\">\n<div class=\"wp-block-button\"><a class=\"wp-block-button__link\" href=\"https:\/\/readybox.eu\/diagonaal-transport-maritieme-export-verpakking\/\"><strong>D\u00e9couvrir plus<\/strong><\/a><\/div>\n<\/div>\n<\/div><\/div>\n","protected":false},"excerpt":{"rendered":"<p>Caisses \u00e0 claire-voie<\/p>\n","protected":false},"author":1,"featured_media":1155,"parent":1579,"menu_order":1,"comment_status":"closed","ping_status":"closed","template":"template_product.php","meta":{"_acf_changed":false,"footnotes":""},"class_list":["post-1581","page","type-page","status-publish","has-post-thumbnail","hentry"],"acf":[],"yoast_head":"<!-- This site is optimized with the Yoast SEO plugin v25.7 - https:\/\/yoast.com\/wordpress\/plugins\/seo\/ -->\n<title>Caisses \u00e0 claire-voie | Readybox<\/title>\n<meta name=\"robots\" content=\"index, follow, max-snippet:-1, max-image-preview:large, max-video-preview:-1\" \/>\n<link rel=\"canonical\" href=\"https:\/\/readybox.eu\/fr\/caisse-en-bois\/caisse-bois-pour-lexportation-industrielle\/caisses-a-claire-voie\/\" \/>\n<meta property=\"og:locale\" content=\"fr_FR\" \/>\n<meta property=\"og:type\" content=\"article\" \/>\n<meta property=\"og:title\" content=\"Caisses \u00e0 claire-voie | Readybox\" \/>\n<meta property=\"og:description\" content=\"Caisses \u00e0 claire-voie\" \/>\n<meta property=\"og:url\" content=\"https:\/\/readybox.eu\/fr\/caisse-en-bois\/caisse-bois-pour-lexportation-industrielle\/caisses-a-claire-voie\/\" \/>\n<meta property=\"og:site_name\" content=\"Readybox\" \/>\n<meta property=\"article:modified_time\" content=\"2022-02-16T09:39:22+00:00\" \/>\n<meta property=\"og:image\" content=\"https:\/\/readybox.eu\/wp-content\/uploads\/2021\/11\/OZ004-special-dividers.png\" \/>\n\t<meta property=\"og:image:width\" content=\"466\" \/>\n\t<meta property=\"og:image:height\" content=\"352\" \/>\n\t<meta property=\"og:image:type\" content=\"image\/png\" \/>\n<meta name=\"twitter:card\" content=\"summary_large_image\" \/>\n<meta name=\"twitter:label1\" content=\"Dur\u00e9e de lecture estim\u00e9e\" \/>\n\t<meta name=\"twitter:data1\" content=\"2 minutes\" \/>\n<script type=\"application\/ld+json\" class=\"yoast-schema-graph\">{\"@context\":\"https:\/\/schema.org\",\"@graph\":[{\"@type\":\"WebPage\",\"@id\":\"https:\/\/readybox.eu\/fr\/caisse-en-bois\/caisse-bois-pour-lexportation-industrielle\/caisses-a-claire-voie\/\",\"url\":\"https:\/\/readybox.eu\/fr\/caisse-en-bois\/caisse-bois-pour-lexportation-industrielle\/caisses-a-claire-voie\/\",\"name\":\"Caisses \u00e0 claire-voie | Readybox\",\"isPartOf\":{\"@id\":\"https:\/\/readybox.eu\/fr\/#website\"},\"primaryImageOfPage\":{\"@id\":\"https:\/\/readybox.eu\/fr\/caisse-en-bois\/caisse-bois-pour-lexportation-industrielle\/caisses-a-claire-voie\/#primaryimage\"},\"image\":{\"@id\":\"https:\/\/readybox.eu\/fr\/caisse-en-bois\/caisse-bois-pour-lexportation-industrielle\/caisses-a-claire-voie\/#primaryimage\"},\"thumbnailUrl\":\"https:\/\/readybox.eu\/wp-content\/uploads\/2021\/11\/OZ004-special-dividers.png\",\"datePublished\":\"2021-12-10T09:25:04+00:00\",\"dateModified\":\"2022-02-16T09:39:22+00:00\",\"breadcrumb\":{\"@id\":\"https:\/\/readybox.eu\/fr\/caisse-en-bois\/caisse-bois-pour-lexportation-industrielle\/caisses-a-claire-voie\/#breadcrumb\"},\"inLanguage\":\"fr-FR\",\"potentialAction\":[{\"@type\":\"ReadAction\",\"target\":[\"https:\/\/readybox.eu\/fr\/caisse-en-bois\/caisse-bois-pour-lexportation-industrielle\/caisses-a-claire-voie\/\"]}]},{\"@type\":\"ImageObject\",\"inLanguage\":\"fr-FR\",\"@id\":\"https:\/\/readybox.eu\/fr\/caisse-en-bois\/caisse-bois-pour-lexportation-industrielle\/caisses-a-claire-voie\/#primaryimage\",\"url\":\"https:\/\/readybox.eu\/wp-content\/uploads\/2021\/11\/OZ004-special-dividers.png\",\"contentUrl\":\"https:\/\/readybox.eu\/wp-content\/uploads\/2021\/11\/OZ004-special-dividers.png\",\"width\":466,\"height\":352},{\"@type\":\"BreadcrumbList\",\"@id\":\"https:\/\/readybox.eu\/fr\/caisse-en-bois\/caisse-bois-pour-lexportation-industrielle\/caisses-a-claire-voie\/#breadcrumb\",\"itemListElement\":[{\"@type\":\"ListItem\",\"position\":1,\"name\":\"Caisse en bois\",\"item\":\"https:\/\/readybox.eu\/fr\/caisse-en-bois\/\"},{\"@type\":\"ListItem\",\"position\":2,\"name\":\"Caisse bois pour l&#8217;exportation industrielle\",\"item\":\"https:\/\/readybox.eu\/fr\/caisse-en-bois\/caisse-bois-pour-lexportation-industrielle\/\"},{\"@type\":\"ListItem\",\"position\":3,\"name\":\"Caisses \u00e0 claire-voie\"}]},{\"@type\":\"WebSite\",\"@id\":\"https:\/\/readybox.eu\/fr\/#website\",\"url\":\"https:\/\/readybox.eu\/fr\/\",\"name\":\"Readybox\",\"description\":\"Sustainable Packing\",\"potentialAction\":[{\"@type\":\"SearchAction\",\"target\":{\"@type\":\"EntryPoint\",\"urlTemplate\":\"https:\/\/readybox.eu\/fr\/?s={search_term_string}\"},\"query-input\":{\"@type\":\"PropertyValueSpecification\",\"valueRequired\":true,\"valueName\":\"search_term_string\"}}],\"inLanguage\":\"fr-FR\"}]}<\/script>\n<!-- \/ Yoast SEO plugin. -->","yoast_head_json":{"title":"Caisses \u00e0 claire-voie | Readybox","robots":{"index":"index","follow":"follow","max-snippet":"max-snippet:-1","max-image-preview":"max-image-preview:large","max-video-preview":"max-video-preview:-1"},"canonical":"https:\/\/readybox.eu\/fr\/caisse-en-bois\/caisse-bois-pour-lexportation-industrielle\/caisses-a-claire-voie\/","og_locale":"fr_FR","og_type":"article","og_title":"Caisses \u00e0 claire-voie | Readybox","og_description":"Caisses \u00e0 claire-voie","og_url":"https:\/\/readybox.eu\/fr\/caisse-en-bois\/caisse-bois-pour-lexportation-industrielle\/caisses-a-claire-voie\/","og_site_name":"Readybox","article_modified_time":"2022-02-16T09:39:22+00:00","og_image":[{"width":466,"height":352,"url":"https:\/\/readybox.eu\/wp-content\/uploads\/2021\/11\/OZ004-special-dividers.png","type":"image\/png"}],"twitter_card":"summary_large_image","twitter_misc":{"Dur\u00e9e de lecture estim\u00e9e":"2 minutes"},"schema":{"@context":"https:\/\/schema.org","@graph":[{"@type":"WebPage","@id":"https:\/\/readybox.eu\/fr\/caisse-en-bois\/caisse-bois-pour-lexportation-industrielle\/caisses-a-claire-voie\/","url":"https:\/\/readybox.eu\/fr\/caisse-en-bois\/caisse-bois-pour-lexportation-industrielle\/caisses-a-claire-voie\/","name":"Caisses \u00e0 claire-voie | Readybox","isPartOf":{"@id":"https:\/\/readybox.eu\/fr\/#website"},"primaryImageOfPage":{"@id":"https:\/\/readybox.eu\/fr\/caisse-en-bois\/caisse-bois-pour-lexportation-industrielle\/caisses-a-claire-voie\/#primaryimage"},"image":{"@id":"https:\/\/readybox.eu\/fr\/caisse-en-bois\/caisse-bois-pour-lexportation-industrielle\/caisses-a-claire-voie\/#primaryimage"},"thumbnailUrl":"https:\/\/readybox.eu\/wp-content\/uploads\/2021\/11\/OZ004-special-dividers.png","datePublished":"2021-12-10T09:25:04+00:00","dateModified":"2022-02-16T09:39:22+00:00","breadcrumb":{"@id":"https:\/\/readybox.eu\/fr\/caisse-en-bois\/caisse-bois-pour-lexportation-industrielle\/caisses-a-claire-voie\/#breadcrumb"},"inLanguage":"fr-FR","potentialAction":[{"@type":"ReadAction","target":["https:\/\/readybox.eu\/fr\/caisse-en-bois\/caisse-bois-pour-lexportation-industrielle\/caisses-a-claire-voie\/"]}]},{"@type":"ImageObject","inLanguage":"fr-FR","@id":"https:\/\/readybox.eu\/fr\/caisse-en-bois\/caisse-bois-pour-lexportation-industrielle\/caisses-a-claire-voie\/#primaryimage","url":"https:\/\/readybox.eu\/wp-content\/uploads\/2021\/11\/OZ004-special-dividers.png","contentUrl":"https:\/\/readybox.eu\/wp-content\/uploads\/2021\/11\/OZ004-special-dividers.png","width":466,"height":352},{"@type":"BreadcrumbList","@id":"https:\/\/readybox.eu\/fr\/caisse-en-bois\/caisse-bois-pour-lexportation-industrielle\/caisses-a-claire-voie\/#breadcrumb","itemListElement":[{"@type":"ListItem","position":1,"name":"Caisse en bois","item":"https:\/\/readybox.eu\/fr\/caisse-en-bois\/"},{"@type":"ListItem","position":2,"name":"Caisse bois pour l&#8217;exportation industrielle","item":"https:\/\/readybox.eu\/fr\/caisse-en-bois\/caisse-bois-pour-lexportation-industrielle\/"},{"@type":"ListItem","position":3,"name":"Caisses \u00e0 claire-voie"}]},{"@type":"WebSite","@id":"https:\/\/readybox.eu\/fr\/#website","url":"https:\/\/readybox.eu\/fr\/","name":"Readybox","description":"Sustainable Packing","potentialAction":[{"@type":"SearchAction","target":{"@type":"EntryPoint","urlTemplate":"https:\/\/readybox.eu\/fr\/?s={search_term_string}"},"query-input":{"@type":"PropertyValueSpecification","valueRequired":true,"valueName":"search_term_string"}}],"inLanguage":"fr-FR"}]}},"_links":{"self":[{"href":"https:\/\/readybox.eu\/fr\/wp-json\/wp\/v2\/pages\/1581","targetHints":{"allow":["GET"]}}],"collection":[{"href":"https:\/\/readybox.eu\/fr\/wp-json\/wp\/v2\/pages"}],"about":[{"href":"https:\/\/readybox.eu\/fr\/wp-json\/wp\/v2\/types\/page"}],"author":[{"embeddable":true,"href":"https:\/\/readybox.eu\/fr\/wp-json\/wp\/v2\/users\/1"}],"replies":[{"embeddable":true,"href":"https:\/\/readybox.eu\/fr\/wp-json\/wp\/v2\/comments?post=1581"}],"version-history":[{"count":0,"href":"https:\/\/readybox.eu\/fr\/wp-json\/wp\/v2\/pages\/1581\/revisions"}],"up":[{"embeddable":true,"href":"https:\/\/readybox.eu\/fr\/wp-json\/wp\/v2\/pages\/1579"}],"wp:featuredmedia":[{"embeddable":true,"href":"https:\/\/readybox.eu\/fr\/wp-json\/wp\/v2\/media\/1155"}],"wp:attachment":[{"href":"https:\/\/readybox.eu\/fr\/wp-json\/wp\/v2\/media?parent=1581"}],"curies":[{"name":"wp","href":"https:\/\/api.w.org\/{rel}","templated":true}]}}