{"id":1588,"date":"2021-11-23T10:42:42","date_gmt":"2021-11-23T10:42:42","guid":{"rendered":"https:\/\/readybox.eu\/sei-4c\/"},"modified":"2022-02-16T09:39:50","modified_gmt":"2022-02-16T09:39:50","slug":"sei-4c","status":"publish","type":"page","link":"https:\/\/readybox.eu\/fr\/caisse-en-bois\/protection-contre-la-corrosion\/sei-4c\/","title":{"rendered":"SEI-4C"},"content":{"rendered":"\n<div class=\"wp-block-columns is-layout-flex wp-container-core-columns-is-layout-9d6595d7 wp-block-columns-is-layout-flex\">\n<div class=\"wp-block-column is-layout-flow wp-block-column-is-layout-flow\">\n<figure class=\"wp-block-gallery has-nested-images columns-0 is-cropped sliderNew wp-block-gallery-1 is-layout-flex wp-block-gallery-is-layout-flex\">\n<figure class=\"wp-block-image size-large\"><img decoding=\"async\" width=\"1500\" height=\"1125\" data-id=\"481\" data-src=\"https:\/\/readybox.eu\/wp-content\/uploads\/2021\/12\/foto-1500x1125.jpg\" alt=\"\" class=\"wp-image-481 lazyload\" data-srcset=\"https:\/\/readybox.eu\/wp-content\/uploads\/2021\/12\/foto-1500x1125.jpg 1500w, https:\/\/readybox.eu\/wp-content\/uploads\/2021\/12\/foto-300x225.jpg 300w, https:\/\/readybox.eu\/wp-content\/uploads\/2021\/12\/foto-768x576.jpg 768w, https:\/\/readybox.eu\/wp-content\/uploads\/2021\/12\/foto-1536x1152.jpg 1536w, https:\/\/readybox.eu\/wp-content\/uploads\/2021\/12\/foto.jpg 1920w\" data-sizes=\"(max-width: 1500px) 100vw, 1500px\" src=\"data:image\/svg+xml;base64,PHN2ZyB3aWR0aD0iMSIgaGVpZ2h0PSIxIiB4bWxucz0iaHR0cDovL3d3dy53My5vcmcvMjAwMC9zdmciPjwvc3ZnPg==\" style=\"--smush-placeholder-width: 1500px; --smush-placeholder-aspect-ratio: 1500\/1125;\" \/><\/figure>\n\n\n\n<figure class=\"wp-block-image size-large\"><img decoding=\"async\" width=\"1125\" height=\"1500\" data-id=\"482\" data-src=\"https:\/\/readybox.eu\/wp-content\/uploads\/2021\/12\/foto3-2-1125x1500.jpg\" alt=\"\" class=\"wp-image-482 lazyload\" data-srcset=\"https:\/\/readybox.eu\/wp-content\/uploads\/2021\/12\/foto3-2-1125x1500.jpg 1125w, https:\/\/readybox.eu\/wp-content\/uploads\/2021\/12\/foto3-2-225x300.jpg 225w, https:\/\/readybox.eu\/wp-content\/uploads\/2021\/12\/foto3-2-768x1024.jpg 768w, https:\/\/readybox.eu\/wp-content\/uploads\/2021\/12\/foto3-2-1152x1536.jpg 1152w, https:\/\/readybox.eu\/wp-content\/uploads\/2021\/12\/foto3-2.jpg 1200w\" data-sizes=\"(max-width: 1125px) 100vw, 1125px\" src=\"data:image\/svg+xml;base64,PHN2ZyB3aWR0aD0iMSIgaGVpZ2h0PSIxIiB4bWxucz0iaHR0cDovL3d3dy53My5vcmcvMjAwMC9zdmciPjwvc3ZnPg==\" style=\"--smush-placeholder-width: 1125px; --smush-placeholder-aspect-ratio: 1125\/1500;\" \/><\/figure>\n\n\n\n<figure class=\"wp-block-image size-large\"><img decoding=\"async\" width=\"1125\" height=\"1500\" data-id=\"483\" data-src=\"https:\/\/readybox.eu\/wp-content\/uploads\/2021\/12\/foto3-4-1125x1500.jpg\" alt=\"\" class=\"wp-image-483 lazyload\" data-srcset=\"https:\/\/readybox.eu\/wp-content\/uploads\/2021\/12\/foto3-4-1125x1500.jpg 1125w, https:\/\/readybox.eu\/wp-content\/uploads\/2021\/12\/foto3-4-225x300.jpg 225w, https:\/\/readybox.eu\/wp-content\/uploads\/2021\/12\/foto3-4-768x1024.jpg 768w, https:\/\/readybox.eu\/wp-content\/uploads\/2021\/12\/foto3-4-1152x1536.jpg 1152w, https:\/\/readybox.eu\/wp-content\/uploads\/2021\/12\/foto3-4.jpg 1236w\" data-sizes=\"(max-width: 1125px) 100vw, 1125px\" src=\"data:image\/svg+xml;base64,PHN2ZyB3aWR0aD0iMSIgaGVpZ2h0PSIxIiB4bWxucz0iaHR0cDovL3d3dy53My5vcmcvMjAwMC9zdmciPjwvc3ZnPg==\" style=\"--smush-placeholder-width: 1125px; --smush-placeholder-aspect-ratio: 1125\/1500;\" \/><\/figure>\n\n\n\n<figure class=\"wp-block-image size-large\"><img decoding=\"async\" width=\"1500\" height=\"1126\" data-id=\"485\" data-src=\"https:\/\/readybox.eu\/wp-content\/uploads\/2021\/12\/foto4-1500x1126.jpg\" alt=\"\" class=\"wp-image-485 lazyload\" data-srcset=\"https:\/\/readybox.eu\/wp-content\/uploads\/2021\/12\/foto4-1500x1126.jpg 1500w, https:\/\/readybox.eu\/wp-content\/uploads\/2021\/12\/foto4-300x225.jpg 300w, https:\/\/readybox.eu\/wp-content\/uploads\/2021\/12\/foto4-768x576.jpg 768w, https:\/\/readybox.eu\/wp-content\/uploads\/2021\/12\/foto4-1536x1153.jpg 1536w, https:\/\/readybox.eu\/wp-content\/uploads\/2021\/12\/foto4.jpg 1919w\" data-sizes=\"(max-width: 1500px) 100vw, 1500px\" src=\"data:image\/svg+xml;base64,PHN2ZyB3aWR0aD0iMSIgaGVpZ2h0PSIxIiB4bWxucz0iaHR0cDovL3d3dy53My5vcmcvMjAwMC9zdmciPjwvc3ZnPg==\" style=\"--smush-placeholder-width: 1500px; --smush-placeholder-aspect-ratio: 1500\/1126;\" \/><\/figure>\n<\/figure>\n<\/div>\n\n\n\n<div class=\"wp-block-column is-layout-flow wp-block-column-is-layout-flow\">\n<h1 class=\"wp-block-heading\" id=\"sei-4c\">SEI-4C<\/h1>\n\n\n\n<p>Ce type d\u2019emballage est \u00e9tudi\u00e9 selon le cahier charge du S.E.I&nbsp; Le norme fran\u00e7ais d\u2019emballage maritime.<\/p>\n\n\n\n<p>Les composants &nbsp;ou pieces sont avec callage et saissisage maritime sur fond en bois. Ils sont recouverts d&rsquo;une housse en film d&rsquo;Aluminium, \u00e9ventuellement avec multicouche. Un dissicant, \u00e0 base d&rsquo;argile \u00e9cologique, est ajout\u00e9 et tire \u00e0 vide et scell\u00e9. Ensuite, la caisse en bois avec ventilation va terminer l\u2019emballage bien s\u00fbr, toujours sur mesure .<\/p>\n\n\n\n<figure class=\"wp-block-image size-full is-resized\"><img decoding=\"async\" data-src=\"https:\/\/readybox.eu\/wp-content\/uploads\/2021\/12\/SEI-LOGO.jpg\" alt=\"\" class=\"wp-image-495 lazyload\" width=\"100\" height=\"100\" data-srcset=\"https:\/\/readybox.eu\/wp-content\/uploads\/2021\/12\/SEI-LOGO.jpg 367w, https:\/\/readybox.eu\/wp-content\/uploads\/2021\/12\/SEI-LOGO-300x300.jpg 300w, https:\/\/readybox.eu\/wp-content\/uploads\/2021\/12\/SEI-LOGO-150x150.jpg 150w\" data-sizes=\"(max-width: 100px) 100vw, 100px\" src=\"data:image\/svg+xml;base64,PHN2ZyB3aWR0aD0iMSIgaGVpZ2h0PSIxIiB4bWxucz0iaHR0cDovL3d3dy53My5vcmcvMjAwMC9zdmciPjwvc3ZnPg==\" style=\"--smush-placeholder-width: 100px; --smush-placeholder-aspect-ratio: 100\/100;\" \/><\/figure>\n\n\n\n<div class=\"wp-block-buttons is-layout-flex wp-block-buttons-is-layout-flex\">\n<div class=\"wp-block-button\"><a class=\"wp-block-button__link\" href=\"https:\/\/readybox.eu\/contact\/\">Gratis offerte<\/a><\/div>\n<\/div>\n<\/div>\n<\/div>\n\n\n\n<div style=\"height:80px\" aria-hidden=\"true\" class=\"wp-block-spacer\"><\/div>\n\n\n\n<h2 class=\"has-text-align-center wp-block-heading\" id=\"sei-boxes-transport-maritime-securise\"><strong>SEI BOXES : TRANSPORT MARITIME S\u00c9CURIS\u00c9<\/strong><\/h2>\n\n\n\n<div class=\"wp-block-columns containerSmall is-layout-flex wp-container-core-columns-is-layout-9d6595d7 wp-block-columns-is-layout-flex\">\n<div class=\"wp-block-column is-layout-flow wp-block-column-is-layout-flow\">\n<p>De notre exp\u00e9rience TPL, la demande de l&rsquo;industrie nous est parvenue pour un service d&#8217;emballage maritime dans notre magasin \u00e0 Anvers.&nbsp; Sur demande, les marchandises sont emball\u00e9es selon les normes SEI.<\/p>\n\n\n\n<p>Cela signifie que nous garantissons que les machines sont prot\u00e9g\u00e9es contre la corrosion (stockage en magasin&nbsp; et durant le voyage par bateau)&nbsp; en toute s\u00e9curit\u00e9 pendant 1 an conform\u00e9ment au certificat SEI (4C).<\/p>\n\n\n\n<p>Cet emballage sp\u00e9cialis\u00e9 est r\u00e9alis\u00e9 par notre partenaire certifi\u00e9 SEI (Syndicat des Emballeurs Internationaux) depuis 15 ans.<\/p>\n\n\n\n<p>de bonne navigabilit\u00e9 des bo\u00eetes, de sorte que les assureurs ne peuvent pas refuser une r\u00e9clamation pour un emballage non navigable.<\/p>\n\n\n\n<p>L&rsquo;application de la norme SEI est \u00e9galement indiqu\u00e9e sur la bo\u00eete. Voir aussi le lien sur notre site internet : <a href=\"http:\/\/www.tpl.be\/global-project-services\/marine-insurance\">http:\/\/www.tpl.be\/global-project-services\/marine-insurance<\/a>.<\/p>\n\n\n\n<p>d\u00e9coloration, l&rsquo;oxydation, etc. C&rsquo;est pourquoi la fabrication de ces caisses maritimes est sur mesure. Elle est r\u00e9alis\u00e9e par des emballeurs et manutentionaires professionnels qui sont charg\u00e9s de la protection en toute s\u00e9curit\u00e9 des marchandises.<\/p>\n\n\n\n<p>Pour les marchandises sensibles \u00e0 la corrosion, un emballage int\u00e9rieur suppl\u00e9mentaire doit \u00eatre fourni par une feuille de stratifi\u00e9 d&rsquo;aluminium ou un film de protection VCI (LD PE) avec dessicant (l&rsquo;agent de distribution \u00e0 base d&rsquo;argile est le plus respectueux de l&rsquo;environnement). Le bois (dur) utilis\u00e9 est HT (Heat Treated) selon ISPM15.<\/p>\n<\/div>\n<\/div>\n","protected":false},"excerpt":{"rendered":"<p>SEI-4C Ce type d\u2019emballage est \u00e9tudi\u00e9 selon le cahier charge du S.E.I&nbsp; Le norme fran\u00e7ais d\u2019emballage maritime. Les composants &nbsp;ou pieces sont avec callage et saissisage maritime sur fond en bois. Ils sont recouverts d&rsquo;une housse en film d&rsquo;Aluminium, \u00e9ventuellement avec multicouche. Un dissicant, \u00e0 base d&rsquo;argile \u00e9cologique, est ajout\u00e9 et tire \u00e0 vide et [&hellip;]<\/p>\n","protected":false},"author":1,"featured_media":0,"parent":1587,"menu_order":2,"comment_status":"closed","ping_status":"closed","template":"template_product.php","meta":{"_acf_changed":false,"footnotes":""},"class_list":["post-1588","page","type-page","status-publish","hentry"],"acf":[],"yoast_head":"<!-- This site is optimized with the Yoast SEO plugin v25.7 - https:\/\/yoast.com\/wordpress\/plugins\/seo\/ -->\n<title>SEI-4C | Readybox<\/title>\n<meta name=\"robots\" content=\"index, follow, max-snippet:-1, max-image-preview:large, max-video-preview:-1\" \/>\n<link rel=\"canonical\" href=\"https:\/\/readybox.eu\/fr\/caisse-en-bois\/protection-contre-la-corrosion\/sei-4c\/\" \/>\n<meta property=\"og:locale\" content=\"fr_FR\" \/>\n<meta property=\"og:type\" content=\"article\" \/>\n<meta property=\"og:title\" content=\"SEI-4C | Readybox\" \/>\n<meta property=\"og:description\" content=\"SEI-4C Ce type d\u2019emballage est \u00e9tudi\u00e9 selon le cahier charge du S.E.I&nbsp; Le norme fran\u00e7ais d\u2019emballage maritime. Les composants &nbsp;ou pieces sont avec callage et saissisage maritime sur fond en bois. Ils sont recouverts d&rsquo;une housse en film d&rsquo;Aluminium, \u00e9ventuellement avec multicouche. Un dissicant, \u00e0 base d&rsquo;argile \u00e9cologique, est ajout\u00e9 et tire \u00e0 vide et [&hellip;]\" \/>\n<meta property=\"og:url\" content=\"https:\/\/readybox.eu\/fr\/caisse-en-bois\/protection-contre-la-corrosion\/sei-4c\/\" \/>\n<meta property=\"og:site_name\" content=\"Readybox\" \/>\n<meta property=\"article:modified_time\" content=\"2022-02-16T09:39:50+00:00\" \/>\n<meta property=\"og:image\" content=\"https:\/\/readybox.eu\/wp-content\/uploads\/2021\/12\/foto-1500x1125.jpg\" \/>\n<meta name=\"twitter:card\" content=\"summary_large_image\" \/>\n<meta name=\"twitter:label1\" content=\"Dur\u00e9e de lecture estim\u00e9e\" \/>\n\t<meta name=\"twitter:data1\" content=\"3 minutes\" \/>\n<script type=\"application\/ld+json\" class=\"yoast-schema-graph\">{\"@context\":\"https:\/\/schema.org\",\"@graph\":[{\"@type\":\"WebPage\",\"@id\":\"https:\/\/readybox.eu\/fr\/caisse-en-bois\/protection-contre-la-corrosion\/sei-4c\/\",\"url\":\"https:\/\/readybox.eu\/fr\/caisse-en-bois\/protection-contre-la-corrosion\/sei-4c\/\",\"name\":\"SEI-4C | Readybox\",\"isPartOf\":{\"@id\":\"https:\/\/readybox.eu\/fr\/#website\"},\"primaryImageOfPage\":{\"@id\":\"https:\/\/readybox.eu\/fr\/caisse-en-bois\/protection-contre-la-corrosion\/sei-4c\/#primaryimage\"},\"image\":{\"@id\":\"https:\/\/readybox.eu\/fr\/caisse-en-bois\/protection-contre-la-corrosion\/sei-4c\/#primaryimage\"},\"thumbnailUrl\":\"https:\/\/readybox.eu\/wp-content\/uploads\/2021\/12\/foto-1500x1125.jpg\",\"datePublished\":\"2021-11-23T10:42:42+00:00\",\"dateModified\":\"2022-02-16T09:39:50+00:00\",\"breadcrumb\":{\"@id\":\"https:\/\/readybox.eu\/fr\/caisse-en-bois\/protection-contre-la-corrosion\/sei-4c\/#breadcrumb\"},\"inLanguage\":\"fr-FR\",\"potentialAction\":[{\"@type\":\"ReadAction\",\"target\":[\"https:\/\/readybox.eu\/fr\/caisse-en-bois\/protection-contre-la-corrosion\/sei-4c\/\"]}]},{\"@type\":\"ImageObject\",\"inLanguage\":\"fr-FR\",\"@id\":\"https:\/\/readybox.eu\/fr\/caisse-en-bois\/protection-contre-la-corrosion\/sei-4c\/#primaryimage\",\"url\":\"https:\/\/readybox.eu\/wp-content\/uploads\/2021\/12\/foto-1500x1125.jpg\",\"contentUrl\":\"https:\/\/readybox.eu\/wp-content\/uploads\/2021\/12\/foto-1500x1125.jpg\"},{\"@type\":\"BreadcrumbList\",\"@id\":\"https:\/\/readybox.eu\/fr\/caisse-en-bois\/protection-contre-la-corrosion\/sei-4c\/#breadcrumb\",\"itemListElement\":[{\"@type\":\"ListItem\",\"position\":1,\"name\":\"Caisse en bois\",\"item\":\"https:\/\/readybox.eu\/fr\/caisse-en-bois\/\"},{\"@type\":\"ListItem\",\"position\":2,\"name\":\"Protection contre la corrosion\",\"item\":\"https:\/\/readybox.eu\/fr\/caisse-en-bois\/protection-contre-la-corrosion\/\"},{\"@type\":\"ListItem\",\"position\":3,\"name\":\"SEI-4C\"}]},{\"@type\":\"WebSite\",\"@id\":\"https:\/\/readybox.eu\/fr\/#website\",\"url\":\"https:\/\/readybox.eu\/fr\/\",\"name\":\"Readybox\",\"description\":\"Sustainable Packing\",\"potentialAction\":[{\"@type\":\"SearchAction\",\"target\":{\"@type\":\"EntryPoint\",\"urlTemplate\":\"https:\/\/readybox.eu\/fr\/?s={search_term_string}\"},\"query-input\":{\"@type\":\"PropertyValueSpecification\",\"valueRequired\":true,\"valueName\":\"search_term_string\"}}],\"inLanguage\":\"fr-FR\"}]}<\/script>\n<!-- \/ Yoast SEO plugin. -->","yoast_head_json":{"title":"SEI-4C | Readybox","robots":{"index":"index","follow":"follow","max-snippet":"max-snippet:-1","max-image-preview":"max-image-preview:large","max-video-preview":"max-video-preview:-1"},"canonical":"https:\/\/readybox.eu\/fr\/caisse-en-bois\/protection-contre-la-corrosion\/sei-4c\/","og_locale":"fr_FR","og_type":"article","og_title":"SEI-4C | Readybox","og_description":"SEI-4C Ce type d\u2019emballage est \u00e9tudi\u00e9 selon le cahier charge du S.E.I&nbsp; Le norme fran\u00e7ais d\u2019emballage maritime. Les composants &nbsp;ou pieces sont avec callage et saissisage maritime sur fond en bois. Ils sont recouverts d&rsquo;une housse en film d&rsquo;Aluminium, \u00e9ventuellement avec multicouche. Un dissicant, \u00e0 base d&rsquo;argile \u00e9cologique, est ajout\u00e9 et tire \u00e0 vide et [&hellip;]","og_url":"https:\/\/readybox.eu\/fr\/caisse-en-bois\/protection-contre-la-corrosion\/sei-4c\/","og_site_name":"Readybox","article_modified_time":"2022-02-16T09:39:50+00:00","og_image":[{"url":"https:\/\/readybox.eu\/wp-content\/uploads\/2021\/12\/foto-1500x1125.jpg","type":"","width":"","height":""}],"twitter_card":"summary_large_image","twitter_misc":{"Dur\u00e9e de lecture estim\u00e9e":"3 minutes"},"schema":{"@context":"https:\/\/schema.org","@graph":[{"@type":"WebPage","@id":"https:\/\/readybox.eu\/fr\/caisse-en-bois\/protection-contre-la-corrosion\/sei-4c\/","url":"https:\/\/readybox.eu\/fr\/caisse-en-bois\/protection-contre-la-corrosion\/sei-4c\/","name":"SEI-4C | Readybox","isPartOf":{"@id":"https:\/\/readybox.eu\/fr\/#website"},"primaryImageOfPage":{"@id":"https:\/\/readybox.eu\/fr\/caisse-en-bois\/protection-contre-la-corrosion\/sei-4c\/#primaryimage"},"image":{"@id":"https:\/\/readybox.eu\/fr\/caisse-en-bois\/protection-contre-la-corrosion\/sei-4c\/#primaryimage"},"thumbnailUrl":"https:\/\/readybox.eu\/wp-content\/uploads\/2021\/12\/foto-1500x1125.jpg","datePublished":"2021-11-23T10:42:42+00:00","dateModified":"2022-02-16T09:39:50+00:00","breadcrumb":{"@id":"https:\/\/readybox.eu\/fr\/caisse-en-bois\/protection-contre-la-corrosion\/sei-4c\/#breadcrumb"},"inLanguage":"fr-FR","potentialAction":[{"@type":"ReadAction","target":["https:\/\/readybox.eu\/fr\/caisse-en-bois\/protection-contre-la-corrosion\/sei-4c\/"]}]},{"@type":"ImageObject","inLanguage":"fr-FR","@id":"https:\/\/readybox.eu\/fr\/caisse-en-bois\/protection-contre-la-corrosion\/sei-4c\/#primaryimage","url":"https:\/\/readybox.eu\/wp-content\/uploads\/2021\/12\/foto-1500x1125.jpg","contentUrl":"https:\/\/readybox.eu\/wp-content\/uploads\/2021\/12\/foto-1500x1125.jpg"},{"@type":"BreadcrumbList","@id":"https:\/\/readybox.eu\/fr\/caisse-en-bois\/protection-contre-la-corrosion\/sei-4c\/#breadcrumb","itemListElement":[{"@type":"ListItem","position":1,"name":"Caisse en bois","item":"https:\/\/readybox.eu\/fr\/caisse-en-bois\/"},{"@type":"ListItem","position":2,"name":"Protection contre la corrosion","item":"https:\/\/readybox.eu\/fr\/caisse-en-bois\/protection-contre-la-corrosion\/"},{"@type":"ListItem","position":3,"name":"SEI-4C"}]},{"@type":"WebSite","@id":"https:\/\/readybox.eu\/fr\/#website","url":"https:\/\/readybox.eu\/fr\/","name":"Readybox","description":"Sustainable Packing","potentialAction":[{"@type":"SearchAction","target":{"@type":"EntryPoint","urlTemplate":"https:\/\/readybox.eu\/fr\/?s={search_term_string}"},"query-input":{"@type":"PropertyValueSpecification","valueRequired":true,"valueName":"search_term_string"}}],"inLanguage":"fr-FR"}]}},"_links":{"self":[{"href":"https:\/\/readybox.eu\/fr\/wp-json\/wp\/v2\/pages\/1588","targetHints":{"allow":["GET"]}}],"collection":[{"href":"https:\/\/readybox.eu\/fr\/wp-json\/wp\/v2\/pages"}],"about":[{"href":"https:\/\/readybox.eu\/fr\/wp-json\/wp\/v2\/types\/page"}],"author":[{"embeddable":true,"href":"https:\/\/readybox.eu\/fr\/wp-json\/wp\/v2\/users\/1"}],"replies":[{"embeddable":true,"href":"https:\/\/readybox.eu\/fr\/wp-json\/wp\/v2\/comments?post=1588"}],"version-history":[{"count":0,"href":"https:\/\/readybox.eu\/fr\/wp-json\/wp\/v2\/pages\/1588\/revisions"}],"up":[{"embeddable":true,"href":"https:\/\/readybox.eu\/fr\/wp-json\/wp\/v2\/pages\/1587"}],"wp:attachment":[{"href":"https:\/\/readybox.eu\/fr\/wp-json\/wp\/v2\/media?parent=1588"}],"curies":[{"name":"wp","href":"https:\/\/api.w.org\/{rel}","templated":true}]}}