{"id":1595,"date":"2021-11-23T10:43:44","date_gmt":"2021-11-23T10:43:44","guid":{"rendered":"https:\/\/readybox.eu\/houten-transportkist\/maritieme-export-expeditie\/"},"modified":"2022-02-16T09:59:55","modified_gmt":"2022-02-16T09:59:55","slug":"expedition-maritime-export","status":"publish","type":"page","link":"https:\/\/readybox.eu\/fr\/caisse-en-bois\/expedition-maritime-export\/","title":{"rendered":"Expedition maritime export"},"content":{"rendered":"\n<div class=\"wp-block-columns is-layout-flex wp-container-core-columns-is-layout-9d6595d7 wp-block-columns-is-layout-flex\">\n<div class=\"wp-block-column is-layout-flow wp-block-column-is-layout-flow\">\n<figure class=\"wp-block-gallery has-nested-images columns-0 is-cropped sliderNew wp-block-gallery-1 is-layout-flex wp-block-gallery-is-layout-flex\">\n<figure class=\"wp-block-image size-large\"><img decoding=\"async\" width=\"1125\" height=\"1500\" data-id=\"472\" data-src=\"https:\/\/readybox.eu\/wp-content\/uploads\/2021\/11\/foto-6-1125x1500.jpg\" alt=\"\" class=\"wp-image-472 lazyload\" data-srcset=\"https:\/\/readybox.eu\/wp-content\/uploads\/2021\/11\/foto-6-1125x1500.jpg 1125w, https:\/\/readybox.eu\/wp-content\/uploads\/2021\/11\/foto-6-225x300.jpg 225w, https:\/\/readybox.eu\/wp-content\/uploads\/2021\/11\/foto-6-768x1024.jpg 768w, https:\/\/readybox.eu\/wp-content\/uploads\/2021\/11\/foto-6-1152x1536.jpg 1152w, https:\/\/readybox.eu\/wp-content\/uploads\/2021\/11\/foto-6.jpg 1200w\" data-sizes=\"(max-width: 1125px) 100vw, 1125px\" src=\"data:image\/svg+xml;base64,PHN2ZyB3aWR0aD0iMSIgaGVpZ2h0PSIxIiB4bWxucz0iaHR0cDovL3d3dy53My5vcmcvMjAwMC9zdmciPjwvc3ZnPg==\" style=\"--smush-placeholder-width: 1125px; --smush-placeholder-aspect-ratio: 1125\/1500;\" \/><\/figure>\n\n\n\n<figure class=\"wp-block-image size-large\"><img decoding=\"async\" width=\"514\" height=\"385\" data-id=\"473\" data-src=\"https:\/\/readybox.eu\/wp-content\/uploads\/2021\/11\/P_2512_00001_L.jpg\" alt=\"\" class=\"wp-image-473 lazyload\" data-srcset=\"https:\/\/readybox.eu\/wp-content\/uploads\/2021\/11\/P_2512_00001_L.jpg 514w, https:\/\/readybox.eu\/wp-content\/uploads\/2021\/11\/P_2512_00001_L-300x225.jpg 300w\" data-sizes=\"(max-width: 514px) 100vw, 514px\" src=\"data:image\/svg+xml;base64,PHN2ZyB3aWR0aD0iMSIgaGVpZ2h0PSIxIiB4bWxucz0iaHR0cDovL3d3dy53My5vcmcvMjAwMC9zdmciPjwvc3ZnPg==\" style=\"--smush-placeholder-width: 514px; --smush-placeholder-aspect-ratio: 514\/385;\" \/><\/figure>\n<\/figure>\n<\/div>\n\n\n\n<div class=\"wp-block-column is-layout-flow wp-block-column-is-layout-flow\">\n<h1 class=\"wp-block-heading\" id=\"expedition-maritime-export\">Expedition maritime export<\/h1>\n\n\n\n<p><strong><strong>Caisses d&rsquo;exportation Readybox\u00ae &nbsp;Maritime. Bo\u00eetes en bois; construction sur mesure solide pour les biens industriels, les machines, les armoires de commande.<\/strong><\/strong><\/p>\n\n\n\n<figure class=\"wp-block-image size-full\"><img decoding=\"async\" width=\"141\" height=\"122\" data-src=\"https:\/\/readybox.eu\/wp-content\/uploads\/2021\/11\/logo-2.png\" alt=\"\" class=\"wp-image-476 lazyload\" src=\"data:image\/svg+xml;base64,PHN2ZyB3aWR0aD0iMSIgaGVpZ2h0PSIxIiB4bWxucz0iaHR0cDovL3d3dy53My5vcmcvMjAwMC9zdmciPjwvc3ZnPg==\" style=\"--smush-placeholder-width: 141px; --smush-placeholder-aspect-ratio: 141\/122;\" \/><\/figure>\n\n\n\n<p>TPL et ses partenaires organisent toutes les phases critiques du transport et ma\u00eetrisent ainsi les risques pour votre compte.<\/p>\n\n\n\n<p>A la demande de ses clients projets, TPL a d\u00e9velopp\u00e9 des concepts d&#8217;emballage comp\u00e9titifs.<\/p>\n\n\n\n<p>TPL assure le conditionnement industriel (maritime, fret a\u00e9rien), la mise en mer, le chargement, la s\u00e9curisation de marchandises en camion ou en conteneur ainsi que toutes les activit\u00e9s de stockage en collaboration avec ses partenaires maritimes \u00e0 Anvers.<\/p>\n\n\n\n<p>TPL ne se contente pas d&#8217;emballer : un guichet unique pour l&rsquo;exp\u00e9dition de projets. &nbsp;Nous nous occupons de vos transports complexes en fret conventionel et encombrant.<\/p>\n\n\n\n<p>&nbsp;N&rsquo;h\u00e9sitez pas \u00e0 nous contacter si vous avez besoin d&rsquo;\u00e9tablir un devis DAP (maison\/maison). Pour beaucoup de nos clients, il s&rsquo;agit souvent de gagner ou de perdre une affaire.<\/p>\n\n\n\n<p>Fond\u00e9e en 2000, TPL, avec ses partenaires &nbsp;de son reseau commercial, nous sommes actifs &nbsp;dans plus de 75 pays.<\/p>\n\n\n\n<div class=\"wp-block-buttons is-layout-flex wp-block-buttons-is-layout-flex\">\n<div class=\"wp-block-button\"><a class=\"wp-block-button__link\" href=\"https:\/\/readybox.eu\/contact\/\">Devis gratuit<\/a><\/div>\n\n\n\n<div class=\"wp-block-button\"><a class=\"wp-block-button__link\" href=\"https:\/\/tplprojects.com\/\" target=\"_blank\" rel=\"noreferrer noopener\">TPL<\/a><\/div>\n<\/div>\n<\/div>\n<\/div>\n","protected":false},"excerpt":{"rendered":"<p>Expedition maritime export Caisses d&rsquo;exportation Readybox\u00ae &nbsp;Maritime. Bo\u00eetes en bois; construction sur mesure solide pour les biens industriels, les machines, les armoires de commande. TPL et ses partenaires organisent toutes les phases critiques du transport et ma\u00eetrisent ainsi les risques pour votre compte. A la demande de ses clients projets, TPL a d\u00e9velopp\u00e9 des concepts [&hellip;]<\/p>\n","protected":false},"author":1,"featured_media":1170,"parent":1539,"menu_order":8,"comment_status":"closed","ping_status":"closed","template":"template_product.php","meta":{"_acf_changed":false,"footnotes":""},"class_list":["post-1595","page","type-page","status-publish","has-post-thumbnail","hentry"],"acf":[],"yoast_head":"<!-- This site is optimized with the Yoast SEO plugin v25.7 - https:\/\/yoast.com\/wordpress\/plugins\/seo\/ -->\n<title>Expedition maritime export | Readybox<\/title>\n<meta name=\"robots\" content=\"index, follow, max-snippet:-1, max-image-preview:large, max-video-preview:-1\" \/>\n<link rel=\"canonical\" href=\"https:\/\/readybox.eu\/fr\/caisse-en-bois\/expedition-maritime-export\/\" \/>\n<meta property=\"og:locale\" content=\"fr_FR\" \/>\n<meta property=\"og:type\" content=\"article\" \/>\n<meta property=\"og:title\" content=\"Expedition maritime export | Readybox\" \/>\n<meta property=\"og:description\" content=\"Expedition maritime export Caisses d&rsquo;exportation Readybox\u00ae &nbsp;Maritime. Bo\u00eetes en bois; construction sur mesure solide pour les biens industriels, les machines, les armoires de commande. TPL et ses partenaires organisent toutes les phases critiques du transport et ma\u00eetrisent ainsi les risques pour votre compte. A la demande de ses clients projets, TPL a d\u00e9velopp\u00e9 des concepts [&hellip;]\" \/>\n<meta property=\"og:url\" content=\"https:\/\/readybox.eu\/fr\/caisse-en-bois\/expedition-maritime-export\/\" \/>\n<meta property=\"og:site_name\" content=\"Readybox\" \/>\n<meta property=\"article:modified_time\" content=\"2022-02-16T09:59:55+00:00\" \/>\n<meta property=\"og:image\" content=\"https:\/\/readybox.eu\/wp-content\/uploads\/2021\/11\/foto-3.jpg\" \/>\n\t<meta property=\"og:image:width\" content=\"1200\" \/>\n\t<meta property=\"og:image:height\" content=\"1600\" \/>\n\t<meta property=\"og:image:type\" content=\"image\/jpeg\" \/>\n<meta name=\"twitter:card\" content=\"summary_large_image\" \/>\n<meta name=\"twitter:label1\" content=\"Dur\u00e9e de lecture estim\u00e9e\" \/>\n\t<meta name=\"twitter:data1\" content=\"2 minutes\" \/>\n<script type=\"application\/ld+json\" class=\"yoast-schema-graph\">{\"@context\":\"https:\/\/schema.org\",\"@graph\":[{\"@type\":\"WebPage\",\"@id\":\"https:\/\/readybox.eu\/fr\/caisse-en-bois\/expedition-maritime-export\/\",\"url\":\"https:\/\/readybox.eu\/fr\/caisse-en-bois\/expedition-maritime-export\/\",\"name\":\"Expedition maritime export | Readybox\",\"isPartOf\":{\"@id\":\"https:\/\/readybox.eu\/fr\/#website\"},\"primaryImageOfPage\":{\"@id\":\"https:\/\/readybox.eu\/fr\/caisse-en-bois\/expedition-maritime-export\/#primaryimage\"},\"image\":{\"@id\":\"https:\/\/readybox.eu\/fr\/caisse-en-bois\/expedition-maritime-export\/#primaryimage\"},\"thumbnailUrl\":\"https:\/\/readybox.eu\/wp-content\/uploads\/2021\/11\/foto-3.jpg\",\"datePublished\":\"2021-11-23T10:43:44+00:00\",\"dateModified\":\"2022-02-16T09:59:55+00:00\",\"breadcrumb\":{\"@id\":\"https:\/\/readybox.eu\/fr\/caisse-en-bois\/expedition-maritime-export\/#breadcrumb\"},\"inLanguage\":\"fr-FR\",\"potentialAction\":[{\"@type\":\"ReadAction\",\"target\":[\"https:\/\/readybox.eu\/fr\/caisse-en-bois\/expedition-maritime-export\/\"]}]},{\"@type\":\"ImageObject\",\"inLanguage\":\"fr-FR\",\"@id\":\"https:\/\/readybox.eu\/fr\/caisse-en-bois\/expedition-maritime-export\/#primaryimage\",\"url\":\"https:\/\/readybox.eu\/wp-content\/uploads\/2021\/11\/foto-3.jpg\",\"contentUrl\":\"https:\/\/readybox.eu\/wp-content\/uploads\/2021\/11\/foto-3.jpg\",\"width\":1200,\"height\":1600},{\"@type\":\"BreadcrumbList\",\"@id\":\"https:\/\/readybox.eu\/fr\/caisse-en-bois\/expedition-maritime-export\/#breadcrumb\",\"itemListElement\":[{\"@type\":\"ListItem\",\"position\":1,\"name\":\"Caisse en bois\",\"item\":\"https:\/\/readybox.eu\/fr\/caisse-en-bois\/\"},{\"@type\":\"ListItem\",\"position\":2,\"name\":\"Expedition maritime export\"}]},{\"@type\":\"WebSite\",\"@id\":\"https:\/\/readybox.eu\/fr\/#website\",\"url\":\"https:\/\/readybox.eu\/fr\/\",\"name\":\"Readybox\",\"description\":\"Sustainable Packing\",\"potentialAction\":[{\"@type\":\"SearchAction\",\"target\":{\"@type\":\"EntryPoint\",\"urlTemplate\":\"https:\/\/readybox.eu\/fr\/?s={search_term_string}\"},\"query-input\":{\"@type\":\"PropertyValueSpecification\",\"valueRequired\":true,\"valueName\":\"search_term_string\"}}],\"inLanguage\":\"fr-FR\"}]}<\/script>\n<!-- \/ Yoast SEO plugin. -->","yoast_head_json":{"title":"Expedition maritime export | Readybox","robots":{"index":"index","follow":"follow","max-snippet":"max-snippet:-1","max-image-preview":"max-image-preview:large","max-video-preview":"max-video-preview:-1"},"canonical":"https:\/\/readybox.eu\/fr\/caisse-en-bois\/expedition-maritime-export\/","og_locale":"fr_FR","og_type":"article","og_title":"Expedition maritime export | Readybox","og_description":"Expedition maritime export Caisses d&rsquo;exportation Readybox\u00ae &nbsp;Maritime. Bo\u00eetes en bois; construction sur mesure solide pour les biens industriels, les machines, les armoires de commande. TPL et ses partenaires organisent toutes les phases critiques du transport et ma\u00eetrisent ainsi les risques pour votre compte. A la demande de ses clients projets, TPL a d\u00e9velopp\u00e9 des concepts [&hellip;]","og_url":"https:\/\/readybox.eu\/fr\/caisse-en-bois\/expedition-maritime-export\/","og_site_name":"Readybox","article_modified_time":"2022-02-16T09:59:55+00:00","og_image":[{"width":1200,"height":1600,"url":"https:\/\/readybox.eu\/wp-content\/uploads\/2021\/11\/foto-3.jpg","type":"image\/jpeg"}],"twitter_card":"summary_large_image","twitter_misc":{"Dur\u00e9e de lecture estim\u00e9e":"2 minutes"},"schema":{"@context":"https:\/\/schema.org","@graph":[{"@type":"WebPage","@id":"https:\/\/readybox.eu\/fr\/caisse-en-bois\/expedition-maritime-export\/","url":"https:\/\/readybox.eu\/fr\/caisse-en-bois\/expedition-maritime-export\/","name":"Expedition maritime export | Readybox","isPartOf":{"@id":"https:\/\/readybox.eu\/fr\/#website"},"primaryImageOfPage":{"@id":"https:\/\/readybox.eu\/fr\/caisse-en-bois\/expedition-maritime-export\/#primaryimage"},"image":{"@id":"https:\/\/readybox.eu\/fr\/caisse-en-bois\/expedition-maritime-export\/#primaryimage"},"thumbnailUrl":"https:\/\/readybox.eu\/wp-content\/uploads\/2021\/11\/foto-3.jpg","datePublished":"2021-11-23T10:43:44+00:00","dateModified":"2022-02-16T09:59:55+00:00","breadcrumb":{"@id":"https:\/\/readybox.eu\/fr\/caisse-en-bois\/expedition-maritime-export\/#breadcrumb"},"inLanguage":"fr-FR","potentialAction":[{"@type":"ReadAction","target":["https:\/\/readybox.eu\/fr\/caisse-en-bois\/expedition-maritime-export\/"]}]},{"@type":"ImageObject","inLanguage":"fr-FR","@id":"https:\/\/readybox.eu\/fr\/caisse-en-bois\/expedition-maritime-export\/#primaryimage","url":"https:\/\/readybox.eu\/wp-content\/uploads\/2021\/11\/foto-3.jpg","contentUrl":"https:\/\/readybox.eu\/wp-content\/uploads\/2021\/11\/foto-3.jpg","width":1200,"height":1600},{"@type":"BreadcrumbList","@id":"https:\/\/readybox.eu\/fr\/caisse-en-bois\/expedition-maritime-export\/#breadcrumb","itemListElement":[{"@type":"ListItem","position":1,"name":"Caisse en bois","item":"https:\/\/readybox.eu\/fr\/caisse-en-bois\/"},{"@type":"ListItem","position":2,"name":"Expedition maritime export"}]},{"@type":"WebSite","@id":"https:\/\/readybox.eu\/fr\/#website","url":"https:\/\/readybox.eu\/fr\/","name":"Readybox","description":"Sustainable Packing","potentialAction":[{"@type":"SearchAction","target":{"@type":"EntryPoint","urlTemplate":"https:\/\/readybox.eu\/fr\/?s={search_term_string}"},"query-input":{"@type":"PropertyValueSpecification","valueRequired":true,"valueName":"search_term_string"}}],"inLanguage":"fr-FR"}]}},"_links":{"self":[{"href":"https:\/\/readybox.eu\/fr\/wp-json\/wp\/v2\/pages\/1595","targetHints":{"allow":["GET"]}}],"collection":[{"href":"https:\/\/readybox.eu\/fr\/wp-json\/wp\/v2\/pages"}],"about":[{"href":"https:\/\/readybox.eu\/fr\/wp-json\/wp\/v2\/types\/page"}],"author":[{"embeddable":true,"href":"https:\/\/readybox.eu\/fr\/wp-json\/wp\/v2\/users\/1"}],"replies":[{"embeddable":true,"href":"https:\/\/readybox.eu\/fr\/wp-json\/wp\/v2\/comments?post=1595"}],"version-history":[{"count":0,"href":"https:\/\/readybox.eu\/fr\/wp-json\/wp\/v2\/pages\/1595\/revisions"}],"up":[{"embeddable":true,"href":"https:\/\/readybox.eu\/fr\/wp-json\/wp\/v2\/pages\/1539"}],"wp:featuredmedia":[{"embeddable":true,"href":"https:\/\/readybox.eu\/fr\/wp-json\/wp\/v2\/media\/1170"}],"wp:attachment":[{"href":"https:\/\/readybox.eu\/fr\/wp-json\/wp\/v2\/media?parent=1595"}],"curies":[{"name":"wp","href":"https:\/\/api.w.org\/{rel}","templated":true}]}}