{"id":1597,"date":"2021-11-30T12:44:49","date_gmt":"2021-11-30T12:44:49","guid":{"rendered":"https:\/\/readybox.eu\/houten-transportkist\/maritieme-export-expeditie\/zeecontainers\/"},"modified":"2022-02-16T09:40:48","modified_gmt":"2022-02-16T09:40:48","slug":"conteneurs-maritimes","status":"publish","type":"page","link":"https:\/\/readybox.eu\/fr\/caisse-en-bois\/expedition-maritime-export\/conteneurs-maritimes\/","title":{"rendered":"Conteneurs maritimes"},"content":{"rendered":"\n<div class=\"wp-block-columns is-layout-flex wp-container-core-columns-is-layout-9d6595d7 wp-block-columns-is-layout-flex\">\n<div class=\"wp-block-column is-layout-flow wp-block-column-is-layout-flow\">\n<figure class=\"wp-block-gallery has-nested-images columns-default is-cropped sliderNew wp-block-gallery-1 is-layout-flex wp-block-gallery-is-layout-flex\">\n<figure class=\"wp-block-image size-large\"><img decoding=\"async\" width=\"1500\" height=\"844\" data-id=\"673\" data-src=\"https:\/\/readybox.eu\/wp-content\/uploads\/2021\/12\/Zeecontainers2.jpg\" alt=\"\" class=\"wp-image-673 lazyload\" data-srcset=\"https:\/\/readybox.eu\/wp-content\/uploads\/2021\/12\/Zeecontainers2.jpg 1500w, https:\/\/readybox.eu\/wp-content\/uploads\/2021\/12\/Zeecontainers2-300x169.jpg 300w, https:\/\/readybox.eu\/wp-content\/uploads\/2021\/12\/Zeecontainers2-768x432.jpg 768w\" data-sizes=\"(max-width: 1500px) 100vw, 1500px\" src=\"data:image\/svg+xml;base64,PHN2ZyB3aWR0aD0iMSIgaGVpZ2h0PSIxIiB4bWxucz0iaHR0cDovL3d3dy53My5vcmcvMjAwMC9zdmciPjwvc3ZnPg==\" style=\"--smush-placeholder-width: 1500px; --smush-placeholder-aspect-ratio: 1500\/844;\" \/><\/figure>\n\n\n\n<figure class=\"wp-block-image size-large\"><img decoding=\"async\" width=\"1125\" height=\"1500\" data-id=\"670\" data-src=\"https:\/\/readybox.eu\/wp-content\/uploads\/2021\/12\/Zeecontainers-1125x1500.jpg\" alt=\"\" class=\"wp-image-670 lazyload\" data-srcset=\"https:\/\/readybox.eu\/wp-content\/uploads\/2021\/12\/Zeecontainers-1125x1500.jpg 1125w, https:\/\/readybox.eu\/wp-content\/uploads\/2021\/12\/Zeecontainers-225x300.jpg 225w, https:\/\/readybox.eu\/wp-content\/uploads\/2021\/12\/Zeecontainers-768x1024.jpg 768w, https:\/\/readybox.eu\/wp-content\/uploads\/2021\/12\/Zeecontainers-1152x1536.jpg 1152w, https:\/\/readybox.eu\/wp-content\/uploads\/2021\/12\/Zeecontainers-1536x2048.jpg 1536w, https:\/\/readybox.eu\/wp-content\/uploads\/2021\/12\/Zeecontainers.jpg 1728w\" data-sizes=\"(max-width: 1125px) 100vw, 1125px\" src=\"data:image\/svg+xml;base64,PHN2ZyB3aWR0aD0iMSIgaGVpZ2h0PSIxIiB4bWxucz0iaHR0cDovL3d3dy53My5vcmcvMjAwMC9zdmciPjwvc3ZnPg==\" style=\"--smush-placeholder-width: 1125px; --smush-placeholder-aspect-ratio: 1125\/1500;\" \/><\/figure>\n\n\n\n<figure class=\"wp-block-image size-large\"><img decoding=\"async\" width=\"1500\" height=\"844\" data-id=\"674\" data-src=\"https:\/\/readybox.eu\/wp-content\/uploads\/2021\/12\/Zeecontainers3.jpg\" alt=\"\" class=\"wp-image-674 lazyload\" data-srcset=\"https:\/\/readybox.eu\/wp-content\/uploads\/2021\/12\/Zeecontainers3.jpg 1500w, https:\/\/readybox.eu\/wp-content\/uploads\/2021\/12\/Zeecontainers3-300x169.jpg 300w, https:\/\/readybox.eu\/wp-content\/uploads\/2021\/12\/Zeecontainers3-768x432.jpg 768w\" data-sizes=\"(max-width: 1500px) 100vw, 1500px\" src=\"data:image\/svg+xml;base64,PHN2ZyB3aWR0aD0iMSIgaGVpZ2h0PSIxIiB4bWxucz0iaHR0cDovL3d3dy53My5vcmcvMjAwMC9zdmciPjwvc3ZnPg==\" style=\"--smush-placeholder-width: 1500px; --smush-placeholder-aspect-ratio: 1500\/844;\" \/><\/figure>\n<\/figure>\n<\/div>\n\n\n\n<div class=\"wp-block-column is-layout-flow wp-block-column-is-layout-flow\">\n<h1 class=\"wp-block-heading\" id=\"conteneurs-maritimes\">Conteneurs maritimes<\/h1>\n\n\n\n<p>Les prix de revient pour la vente de conteneurs d&rsquo;occasion ont augment\u00e9 au cours de la derni\u00e8re ann\u00e9e.&nbsp; Faite caus\u00e9e par la p\u00e9nurie de mat\u00e9riel chez les grandes compagnies maritimes. Soyez donc toujours l\u00e0 \u00e0 temps pour assurer vos container d\u2019oocasion(SOC) (onsultez toujours READYBOX\u00ae&nbsp; pour un prix de march\u00e9 correct avec livraison au point de chargement.<\/p>\n\n\n\n<div style=\"height:80px\" aria-hidden=\"true\" class=\"wp-block-spacer\"><\/div>\n\n\n\n<div class=\"wp-block-buttons is-layout-flex wp-block-buttons-is-layout-flex\">\n<div class=\"wp-block-button\"><a class=\"wp-block-button__link\" href=\"https:\/\/readybox.eu\/contact\/\">Devis gratuit<\/a><\/div>\n<\/div>\n<\/div>\n<\/div>\n\n\n\n<div style=\"height:80px\" aria-hidden=\"true\" class=\"wp-block-spacer\"><\/div>\n\n\n\n<div class=\"wp-block-columns containerSmall is-layout-flex wp-container-core-columns-is-layout-9d6595d7 wp-block-columns-is-layout-flex\">\n<div class=\"wp-block-column is-layout-flow wp-block-column-is-layout-flow\">\n<h2 class=\"has-text-align-center wp-block-heading\" id=\"conteneurs-d-occasion-20ft-40ft-dv-ot-fl-palletwide\"><strong>CONTENEURS D&rsquo;OCCASION 20FT \/40FT \u2013 DV\/OT\/FL\/PALLETWIDE..<\/strong><\/h2>\n\n\n\n<p>Nous proposons des conteneurs larges de 20\/40 pieds DV\/ HC \/ OT \/ FLAT \/ palette.<\/p>\n\n\n\n<p>Avec plaque CSC valide et formulaire de demande (voir exemple en pi\u00e8ce jointe)<\/p>\n\n\n\n<p>Les conteneurs sont fabriqu\u00e9s en acier corten depuis 15 ans. Pour se prot\u00e9ger contre le vol, de nombreux clients disposent en suppl\u00e9ment d&rsquo;un coffre pour clefs soud\u00e9 \u00e0 la porte + \u00e9ventuellement avec une serrure sp\u00e9ciale .<\/p>\n\n\n\n<p>Tous les conteneurs sont \u00e9tanches au vent\/\u00e0 l&rsquo;eau, r\u00e9par\u00e9 en acier si n\u00e9cessaire, en \u00e9tat de navigabilit\u00e9, avec une plaque CSC valide .<\/p>\n\n\n\n<p>Conteneurs Cat B avec qualit\u00e9&nbsp;maritime&nbsp;navigable&nbsp;<\/p>\n\n\n\n<p>Les conteneurs Cat B + sont toujours en tr\u00e8s bon \u00e9tat, longue validit\u00e9 de la marque CSC et les plus achet\u00e9s<\/p>\n\n\n\n<p>Les conteneurs de cat\u00e9gorie A ont encore moins de rouille et de bosses et sont de tr\u00e8s bonne qualit\u00e9.<\/p>\n\n\n\n<p>Selon la disponibilit\u00e9, nous pouvons vous fournir les conteneurs de diff\u00e9rents d\u00e9p\u00f4ts en Europe.<\/p>\n<\/div>\n<\/div>\n","protected":false},"excerpt":{"rendered":"<p>Conteneurs maritimes Les prix de revient pour la vente de conteneurs d&rsquo;occasion ont augment\u00e9 au cours de la derni\u00e8re ann\u00e9e.&nbsp; Faite caus\u00e9e par la p\u00e9nurie de mat\u00e9riel chez les grandes compagnies maritimes. Soyez donc toujours l\u00e0 \u00e0 temps pour assurer vos container d\u2019oocasion(SOC) (onsultez toujours READYBOX\u00ae&nbsp; pour un prix de march\u00e9 correct avec livraison au [&hellip;]<\/p>\n","protected":false},"author":1,"featured_media":1296,"parent":1595,"menu_order":9,"comment_status":"closed","ping_status":"closed","template":"template_product.php","meta":{"_acf_changed":false,"footnotes":""},"class_list":["post-1597","page","type-page","status-publish","has-post-thumbnail","hentry"],"acf":[],"yoast_head":"<!-- This site is optimized with the Yoast SEO plugin v25.7 - https:\/\/yoast.com\/wordpress\/plugins\/seo\/ -->\n<title>Conteneurs maritimes | Readybox<\/title>\n<meta name=\"robots\" content=\"index, follow, max-snippet:-1, max-image-preview:large, max-video-preview:-1\" \/>\n<link rel=\"canonical\" href=\"https:\/\/readybox.eu\/fr\/caisse-en-bois\/expedition-maritime-export\/conteneurs-maritimes\/\" \/>\n<meta property=\"og:locale\" content=\"fr_FR\" \/>\n<meta property=\"og:type\" content=\"article\" \/>\n<meta property=\"og:title\" content=\"Conteneurs maritimes | Readybox\" \/>\n<meta property=\"og:description\" content=\"Conteneurs maritimes Les prix de revient pour la vente de conteneurs d&rsquo;occasion ont augment\u00e9 au cours de la derni\u00e8re ann\u00e9e.&nbsp; Faite caus\u00e9e par la p\u00e9nurie de mat\u00e9riel chez les grandes compagnies maritimes. Soyez donc toujours l\u00e0 \u00e0 temps pour assurer vos container d\u2019oocasion(SOC) (onsultez toujours READYBOX\u00ae&nbsp; pour un prix de march\u00e9 correct avec livraison au [&hellip;]\" \/>\n<meta property=\"og:url\" content=\"https:\/\/readybox.eu\/fr\/caisse-en-bois\/expedition-maritime-export\/conteneurs-maritimes\/\" \/>\n<meta property=\"og:site_name\" content=\"Readybox\" \/>\n<meta property=\"article:modified_time\" content=\"2022-02-16T09:40:48+00:00\" \/>\n<meta property=\"og:image\" content=\"https:\/\/readybox.eu\/wp-content\/uploads\/2021\/11\/foto2-1.jpg\" \/>\n\t<meta property=\"og:image:width\" content=\"1919\" \/>\n\t<meta property=\"og:image:height\" content=\"1440\" \/>\n\t<meta property=\"og:image:type\" content=\"image\/jpeg\" \/>\n<meta name=\"twitter:card\" content=\"summary_large_image\" \/>\n<meta name=\"twitter:label1\" content=\"Dur\u00e9e de lecture estim\u00e9e\" \/>\n\t<meta name=\"twitter:data1\" content=\"2 minutes\" \/>\n<script type=\"application\/ld+json\" class=\"yoast-schema-graph\">{\"@context\":\"https:\/\/schema.org\",\"@graph\":[{\"@type\":\"WebPage\",\"@id\":\"https:\/\/readybox.eu\/fr\/caisse-en-bois\/expedition-maritime-export\/conteneurs-maritimes\/\",\"url\":\"https:\/\/readybox.eu\/fr\/caisse-en-bois\/expedition-maritime-export\/conteneurs-maritimes\/\",\"name\":\"Conteneurs maritimes | Readybox\",\"isPartOf\":{\"@id\":\"https:\/\/readybox.eu\/fr\/#website\"},\"primaryImageOfPage\":{\"@id\":\"https:\/\/readybox.eu\/fr\/caisse-en-bois\/expedition-maritime-export\/conteneurs-maritimes\/#primaryimage\"},\"image\":{\"@id\":\"https:\/\/readybox.eu\/fr\/caisse-en-bois\/expedition-maritime-export\/conteneurs-maritimes\/#primaryimage\"},\"thumbnailUrl\":\"https:\/\/readybox.eu\/wp-content\/uploads\/2021\/11\/foto2-1.jpg\",\"datePublished\":\"2021-11-30T12:44:49+00:00\",\"dateModified\":\"2022-02-16T09:40:48+00:00\",\"breadcrumb\":{\"@id\":\"https:\/\/readybox.eu\/fr\/caisse-en-bois\/expedition-maritime-export\/conteneurs-maritimes\/#breadcrumb\"},\"inLanguage\":\"fr-FR\",\"potentialAction\":[{\"@type\":\"ReadAction\",\"target\":[\"https:\/\/readybox.eu\/fr\/caisse-en-bois\/expedition-maritime-export\/conteneurs-maritimes\/\"]}]},{\"@type\":\"ImageObject\",\"inLanguage\":\"fr-FR\",\"@id\":\"https:\/\/readybox.eu\/fr\/caisse-en-bois\/expedition-maritime-export\/conteneurs-maritimes\/#primaryimage\",\"url\":\"https:\/\/readybox.eu\/wp-content\/uploads\/2021\/11\/foto2-1.jpg\",\"contentUrl\":\"https:\/\/readybox.eu\/wp-content\/uploads\/2021\/11\/foto2-1.jpg\",\"width\":1919,\"height\":1440},{\"@type\":\"BreadcrumbList\",\"@id\":\"https:\/\/readybox.eu\/fr\/caisse-en-bois\/expedition-maritime-export\/conteneurs-maritimes\/#breadcrumb\",\"itemListElement\":[{\"@type\":\"ListItem\",\"position\":1,\"name\":\"Caisse en bois\",\"item\":\"https:\/\/readybox.eu\/fr\/caisse-en-bois\/\"},{\"@type\":\"ListItem\",\"position\":2,\"name\":\"Expedition maritime export\",\"item\":\"https:\/\/readybox.eu\/fr\/caisse-en-bois\/expedition-maritime-export\/\"},{\"@type\":\"ListItem\",\"position\":3,\"name\":\"Conteneurs maritimes\"}]},{\"@type\":\"WebSite\",\"@id\":\"https:\/\/readybox.eu\/fr\/#website\",\"url\":\"https:\/\/readybox.eu\/fr\/\",\"name\":\"Readybox\",\"description\":\"Sustainable Packing\",\"potentialAction\":[{\"@type\":\"SearchAction\",\"target\":{\"@type\":\"EntryPoint\",\"urlTemplate\":\"https:\/\/readybox.eu\/fr\/?s={search_term_string}\"},\"query-input\":{\"@type\":\"PropertyValueSpecification\",\"valueRequired\":true,\"valueName\":\"search_term_string\"}}],\"inLanguage\":\"fr-FR\"}]}<\/script>\n<!-- \/ Yoast SEO plugin. -->","yoast_head_json":{"title":"Conteneurs maritimes | Readybox","robots":{"index":"index","follow":"follow","max-snippet":"max-snippet:-1","max-image-preview":"max-image-preview:large","max-video-preview":"max-video-preview:-1"},"canonical":"https:\/\/readybox.eu\/fr\/caisse-en-bois\/expedition-maritime-export\/conteneurs-maritimes\/","og_locale":"fr_FR","og_type":"article","og_title":"Conteneurs maritimes | Readybox","og_description":"Conteneurs maritimes Les prix de revient pour la vente de conteneurs d&rsquo;occasion ont augment\u00e9 au cours de la derni\u00e8re ann\u00e9e.&nbsp; Faite caus\u00e9e par la p\u00e9nurie de mat\u00e9riel chez les grandes compagnies maritimes. Soyez donc toujours l\u00e0 \u00e0 temps pour assurer vos container d\u2019oocasion(SOC) (onsultez toujours READYBOX\u00ae&nbsp; pour un prix de march\u00e9 correct avec livraison au [&hellip;]","og_url":"https:\/\/readybox.eu\/fr\/caisse-en-bois\/expedition-maritime-export\/conteneurs-maritimes\/","og_site_name":"Readybox","article_modified_time":"2022-02-16T09:40:48+00:00","og_image":[{"width":1919,"height":1440,"url":"https:\/\/readybox.eu\/wp-content\/uploads\/2021\/11\/foto2-1.jpg","type":"image\/jpeg"}],"twitter_card":"summary_large_image","twitter_misc":{"Dur\u00e9e de lecture estim\u00e9e":"2 minutes"},"schema":{"@context":"https:\/\/schema.org","@graph":[{"@type":"WebPage","@id":"https:\/\/readybox.eu\/fr\/caisse-en-bois\/expedition-maritime-export\/conteneurs-maritimes\/","url":"https:\/\/readybox.eu\/fr\/caisse-en-bois\/expedition-maritime-export\/conteneurs-maritimes\/","name":"Conteneurs maritimes | Readybox","isPartOf":{"@id":"https:\/\/readybox.eu\/fr\/#website"},"primaryImageOfPage":{"@id":"https:\/\/readybox.eu\/fr\/caisse-en-bois\/expedition-maritime-export\/conteneurs-maritimes\/#primaryimage"},"image":{"@id":"https:\/\/readybox.eu\/fr\/caisse-en-bois\/expedition-maritime-export\/conteneurs-maritimes\/#primaryimage"},"thumbnailUrl":"https:\/\/readybox.eu\/wp-content\/uploads\/2021\/11\/foto2-1.jpg","datePublished":"2021-11-30T12:44:49+00:00","dateModified":"2022-02-16T09:40:48+00:00","breadcrumb":{"@id":"https:\/\/readybox.eu\/fr\/caisse-en-bois\/expedition-maritime-export\/conteneurs-maritimes\/#breadcrumb"},"inLanguage":"fr-FR","potentialAction":[{"@type":"ReadAction","target":["https:\/\/readybox.eu\/fr\/caisse-en-bois\/expedition-maritime-export\/conteneurs-maritimes\/"]}]},{"@type":"ImageObject","inLanguage":"fr-FR","@id":"https:\/\/readybox.eu\/fr\/caisse-en-bois\/expedition-maritime-export\/conteneurs-maritimes\/#primaryimage","url":"https:\/\/readybox.eu\/wp-content\/uploads\/2021\/11\/foto2-1.jpg","contentUrl":"https:\/\/readybox.eu\/wp-content\/uploads\/2021\/11\/foto2-1.jpg","width":1919,"height":1440},{"@type":"BreadcrumbList","@id":"https:\/\/readybox.eu\/fr\/caisse-en-bois\/expedition-maritime-export\/conteneurs-maritimes\/#breadcrumb","itemListElement":[{"@type":"ListItem","position":1,"name":"Caisse en bois","item":"https:\/\/readybox.eu\/fr\/caisse-en-bois\/"},{"@type":"ListItem","position":2,"name":"Expedition maritime export","item":"https:\/\/readybox.eu\/fr\/caisse-en-bois\/expedition-maritime-export\/"},{"@type":"ListItem","position":3,"name":"Conteneurs maritimes"}]},{"@type":"WebSite","@id":"https:\/\/readybox.eu\/fr\/#website","url":"https:\/\/readybox.eu\/fr\/","name":"Readybox","description":"Sustainable Packing","potentialAction":[{"@type":"SearchAction","target":{"@type":"EntryPoint","urlTemplate":"https:\/\/readybox.eu\/fr\/?s={search_term_string}"},"query-input":{"@type":"PropertyValueSpecification","valueRequired":true,"valueName":"search_term_string"}}],"inLanguage":"fr-FR"}]}},"_links":{"self":[{"href":"https:\/\/readybox.eu\/fr\/wp-json\/wp\/v2\/pages\/1597","targetHints":{"allow":["GET"]}}],"collection":[{"href":"https:\/\/readybox.eu\/fr\/wp-json\/wp\/v2\/pages"}],"about":[{"href":"https:\/\/readybox.eu\/fr\/wp-json\/wp\/v2\/types\/page"}],"author":[{"embeddable":true,"href":"https:\/\/readybox.eu\/fr\/wp-json\/wp\/v2\/users\/1"}],"replies":[{"embeddable":true,"href":"https:\/\/readybox.eu\/fr\/wp-json\/wp\/v2\/comments?post=1597"}],"version-history":[{"count":0,"href":"https:\/\/readybox.eu\/fr\/wp-json\/wp\/v2\/pages\/1597\/revisions"}],"up":[{"embeddable":true,"href":"https:\/\/readybox.eu\/fr\/wp-json\/wp\/v2\/pages\/1595"}],"wp:featuredmedia":[{"embeddable":true,"href":"https:\/\/readybox.eu\/fr\/wp-json\/wp\/v2\/media\/1296"}],"wp:attachment":[{"href":"https:\/\/readybox.eu\/fr\/wp-json\/wp\/v2\/media?parent=1597"}],"curies":[{"name":"wp","href":"https:\/\/api.w.org\/{rel}","templated":true}]}}